{"id":1012,"date":"2025-10-28T15:25:09","date_gmt":"2025-10-28T15:25:09","guid":{"rendered":"https:\/\/weiqdev.wpenginepowered.com\/?page_id=1012"},"modified":"2026-04-01T12:19:37","modified_gmt":"2026-04-01T11:19:37","slug":"price-list-for-accessories","status":"publish","type":"page","link":"https:\/\/weiq.tech\/en\/price-list-for-accessories\/","title":{"rendered":"Fees - Price list for accessories"},"content":{"rendered":"<style>\n    .hero-cloud-bg {\n        background: url('\/assets\/img\/page-hero-bg-mobile.webp') no-repeat center;\n        background-size: auto;\n        background-position: bottom;\n    }\n\n    @media screen and (min-width: 767px) {\n        .hero-cloud-bg {\n            background: url('\/assets\/img\/page-hero-bg.webp') no-repeat center;\n            background-size: auto;\n            background-position: top;\n        }\n    }\n<\/style>\n<section data-block=\"page-hero\" class=\"px-4 pt-[130px] pb-[80px] md:pb-15  md:pt-[190px]\">\n    <div class=\"content-container\">\n        <div class=\"grid gap-8 lg:gap-[105px] items-center text-center max-w-4xl mx-auto\">\n            <div class=\"flex flex-col items-center lg:self-end\">\n                                    <h1 class=\"heading-lg mb-4 max-lg:text-center\">\n                        PRICE LIST FOR ACCESSORIES\n                    <\/h1>\n                \n                \n                \n                \n                <div class=\"lg:justify-self-start\">\n                    \n                                    <\/div>\n            <\/div>\n\n                    <\/div>\n    <\/div>\n<\/section>\n\n\n<div data-block=\"wysiwyg\" class=\"site-container mx-auto flex flex-col py-10 md:py-20 max-w-[880px] px-6 lg:px-0\">\n            <div class=\"wysiwyg-text wysiwyg-content\">\n            <p>This price list applies to additional purchases of products and services for your subscription to the WEIQ Service. By signing the agreement, you also accept this price list. These additional purchases will be invoiced according to the price list below, with a payment term of 30 days.<\/p>\n<p>Please confirm with your contact person before purchasing to ensure current prices. The prices listed below are exclusive of VAT. Shipping costs will be added at cost price. We reserve the right to update this price list.<\/p>\n<table class=\"t1\" width=\"324\" cellspacing=\"0\" cellpadding=\"0\">\n<tbody>\n<tr>\n<td class=\"td1\" valign=\"middle\">\n<p class=\"p7\"><b>Price (excluding VAT)<\/b><\/p>\n<\/td>\n<td class=\"td1\" valign=\"middle\">\n<p class=\"p7\"><b>Product \/ service<br \/>\n<\/b><\/p>\n<\/td>\n<\/tr>\n<tr>\n<td class=\"td1\" valign=\"middle\">4500 SEK<\/td>\n<td class=\"td1\" valign=\"middle\">Printer STAR MC-PRINT2 Can be connected via Bluetooth or Ethernet to a tablet for printing receipts.<\/td>\n<\/tr>\n<tr>\n<td class=\"td1\" valign=\"middle\">\n<p class=\"p7\">3500 SEK<\/p>\n<\/td>\n<td class=\"td1\" valign=\"middle\">\n<p class=\"p7\">Large tablet - Samsung Galaxy<\/p>\n<\/td>\n<\/tr>\n<tr>\n<td class=\"td1\" valign=\"middle\">\n<p class=\"p7\">2500 SEK<\/p>\n<\/td>\n<td class=\"td1\" valign=\"middle\">\n<p class=\"p7\">Small tablet - Samsung Galaxy TAB LITE, Will also be invoiced if not returned.<\/p>\n<\/td>\n<\/tr>\n<tr>\n<td class=\"td1\" valign=\"middle\">\n<p class=\"p7\">450 SEK\/month<\/p>\n<\/td>\n<td class=\"td1\" valign=\"middle\">\n<p class=\"p7\">S1F2 Terminal with built-in printer.<\/p>\n<p>Insurance is 40 SEK\/month. If otherwise, a damaged or lost terminal will be replaced with a fee of 5000 SEK.<\/p>\n<p>Minimum 12-month contract.<\/td>\n<\/tr>\n<tr>\n<td class=\"td1\" valign=\"middle\">\n<p class=\"p7\">2000 SEK\/term<\/p>\n<\/td>\n<td class=\"td1\" valign=\"middle\">\n<p class=\"p7\">S1F2 Terminal with built-in printer. One term is max 6 months.<\/p>\n<p>Insurance is 40 SEK\/month. If otherwise, a damaged or lost terminal will be replaced with a fee of 5000 SEK.<\/p>\n<p>Minimum 12-month contract.<\/td>\n<\/tr>\n<tr>\n<td class=\"td1\" valign=\"middle\">\n<p class=\"p7\">350 SEK\/month<\/p>\n<\/td>\n<td class=\"td1\" valign=\"middle\">\n<p class=\"p7\">AMS1 Terminal without printer.<\/p>\n<p>Insurance is 40 SEK\/month. If otherwise, a damaged or lost terminal will be replaced with a fee of 2000 SEK.<\/p>\n<p>Minimum 12-month contract.<\/td>\n<\/tr>\n<tr>\n<td class=\"td1\" valign=\"middle\">\n<p class=\"p7\">1200 SEK\/term<\/p>\n<\/td>\n<td class=\"td1\" valign=\"middle\">\n<p class=\"p7\">AMS1 Terminal without built-in printer. One term is max 6 months.<\/p>\n<p>Insurance is 40 SEK\/month. If otherwise, a damaged or lost terminal will be replaced with a fee of 2000 SEK.<\/p>\n<p>Minimum 12-month contract.<\/td>\n<\/tr>\n<tr>\n<td class=\"td1\" valign=\"middle\">\n<p class=\"p7\">300 SEK<\/p>\n<\/td>\n<td class=\"td1\" valign=\"middle\">\n<p class=\"p7\">Extra USB-C charger for tablet or terminal. Will also be invoiced if not returned.<\/p>\n<\/td>\n<\/tr>\n<tr>\n<td class=\"td1\" valign=\"middle\">\n<p class=\"p7\">400 SEK<\/p>\n<\/td>\n<td class=\"td1\" valign=\"middle\">\n<p class=\"p7\">Belt clip for S1F2 terminal.<\/p>\n<\/td>\n<\/tr>\n<tr>\n<td class=\"td1\" valign=\"middle\">\n<p class=\"p7\">500 SEK<\/p>\n<\/td>\n<td class=\"td1\" valign=\"middle\">\n<p class=\"p7\">Dock \/ charging station for S1F2 terminal<\/p>\n<\/td>\n<\/tr>\n<tr>\n<td class=\"td1\" valign=\"middle\">\n<p class=\"p7\">400 SEK<\/p>\n<\/td>\n<td class=\"td1\" valign=\"middle\">\n<p class=\"p7\">Dock \/ charging station for AMS1 terminal<\/p>\n<\/td>\n<\/tr>\n<tr>\n<td class=\"td1\" valign=\"middle\">\n<p class=\"p7\">400 SEK<\/p>\n<\/td>\n<td class=\"td1\" valign=\"middle\">\n<p class=\"p7\">Extra battery for S1F2 terminal<\/p>\n<\/td>\n<\/tr>\n<tr>\n<td class=\"td1\" valign=\"middle\">\n<p class=\"p7\">350 SEK<\/p>\n<\/td>\n<td class=\"td1\" valign=\"middle\">\n<p class=\"p7\">Extra standing stand for tablet. Will also be invoiced if not returned.<\/p>\n<\/td>\n<\/tr>\n<tr>\n<td class=\"td1\" valign=\"middle\">\n<p class=\"p7\">750 SEK<\/p>\n<\/td>\n<td class=\"td1\" valign=\"middle\">\n<p class=\"p7\">Extra stand for tablet designed for kitchen use, with \u201carm\u201d or wall mount.<\/p>\n<\/td>\n<\/tr>\n<tr>\n<td class=\"td1\" valign=\"middle\">\n<p class=\"p7\">15 SEK\/qr-code<\/p>\n<\/td>\n<td class=\"td1\" valign=\"middle\">\n<p class=\"p7\">Extra QR codes in acrylic with table numbers.<\/p>\n<\/td>\n<\/tr>\n<\/tbody>\n<\/table>\n<p>Other printed materials will be invoiced according to agreement. Shipping costs will be added.<br \/>\nOrders are made through your contact person at WEIQ or via <span style=\"text-decoration: underline;\"><a rel=\"noopener\">support@weiq.tech<\/a><\/span>.<\/p>\n<p>Name: MEIQ Systems AB<br \/>\nCompany ID: 559148-4380<br \/>\nWebsite: <span style=\"text-decoration: underline;\"><a href=\"https:\/\/weiq.tech\/en\/\" target=\"_new\" rel=\"noopener\">https:\/\/weiq.tech<\/a><\/span><br \/>\nEmail: <span style=\"text-decoration: underline;\"><a rel=\"noopener\">info@weiq.tech<\/a><\/span><br \/>\nAddress: S\u00f6dra F\u00f6rstadsgatan 1, 211 43 Malm\u00f6 (Sweden)<\/p>\n<p><strong>Contact Person<\/strong><br \/>\nName: Henrik Norrman (MEIQ Systems AB)<br \/>\nEmail: <span style=\"text-decoration: underline;\"><a rel=\"noopener\">Henrik.Norrman@weiq.tech<\/a><\/span><\/p>\n\n        <\/div>\n    <\/div>","protected":false},"excerpt":{"rendered":"","protected":false},"author":3,"featured_media":0,"parent":0,"menu_order":0,"comment_status":"closed","ping_status":"closed","template":"","meta":{"_acf_changed":true,"content-type":"","footnotes":""},"class_list":["post-1012","page","type-page","status-publish","hentry"],"acf":[],"yoast_head":"<!-- This site is optimized with the Yoast SEO plugin v27.2 - https:\/\/yoast.com\/product\/yoast-seo-wordpress\/ -->\n<title>Fees - Price list for accessories - WEIQ<\/title>\n<meta name=\"robots\" content=\"noindex, nofollow\" \/>\n<meta property=\"og:locale\" content=\"en_US\" \/>\n<meta property=\"og:type\" content=\"article\" \/>\n<meta property=\"og:title\" content=\"Fees - Price list for accessories - WEIQ\" \/>\n<meta property=\"og:url\" content=\"https:\/\/weiq.tech\/en\/price-list-for-accessories\/\" \/>\n<meta property=\"og:site_name\" content=\"WEIQ\" \/>\n<meta property=\"article:publisher\" content=\"https:\/\/www.facebook.com\/weiqorders\/\" \/>\n<meta property=\"article:modified_time\" content=\"2026-04-01T11:19:37+00:00\" \/>\n<meta name=\"twitter:card\" content=\"summary_large_image\" \/>\n<meta name=\"twitter:label1\" content=\"Est. reading time\" \/>\n\t<meta name=\"twitter:data1\" content=\"3 minutes\" \/>\n<script type=\"application\/ld+json\" class=\"yoast-schema-graph\">{\"@context\":\"https:\/\/schema.org\",\"@graph\":[{\"@type\":\"WebPage\",\"@id\":\"https:\/\/weiq.tech\/prislista-tillbehor\/\",\"url\":\"https:\/\/weiq.tech\/prislista-tillbehor\/\",\"name\":\"Fees - Price list for accessories - WEIQ\",\"isPartOf\":{\"@id\":\"https:\/\/weiq.tech\/es\/#website\"},\"datePublished\":\"2025-10-28T15:25:09+00:00\",\"dateModified\":\"2026-04-01T11:19:37+00:00\",\"breadcrumb\":{\"@id\":\"https:\/\/weiq.tech\/prislista-tillbehor\/#breadcrumb\"},\"inLanguage\":\"en-US\",\"potentialAction\":[{\"@type\":\"ReadAction\",\"target\":[\"https:\/\/weiq.tech\/prislista-tillbehor\/\"]}]},{\"@type\":\"BreadcrumbList\",\"@id\":\"https:\/\/weiq.tech\/prislista-tillbehor\/#breadcrumb\",\"itemListElement\":[{\"@type\":\"ListItem\",\"position\":1,\"name\":\"Home\",\"item\":\"https:\/\/weiq.tech\/\"},{\"@type\":\"ListItem\",\"position\":2,\"name\":\"Fees &#8211; Price list for accessories\"}]},{\"@type\":\"WebSite\",\"@id\":\"https:\/\/weiq.tech\/es\/#website\",\"url\":\"https:\/\/weiq.tech\/es\/\",\"name\":\"WEIQ\",\"description\":\"Best\u00e4llningssystem f\u00f6r restauranger med QR &amp; terminal\",\"publisher\":{\"@id\":\"https:\/\/weiq.tech\/es\/#organization\"},\"potentialAction\":[{\"@type\":\"SearchAction\",\"target\":{\"@type\":\"EntryPoint\",\"urlTemplate\":\"https:\/\/weiq.tech\/es\/?s={search_term_string}\"},\"query-input\":{\"@type\":\"PropertyValueSpecification\",\"valueRequired\":true,\"valueName\":\"search_term_string\"}}],\"inLanguage\":\"en-US\"},{\"@type\":\"Organization\",\"@id\":\"https:\/\/weiq.tech\/es\/#organization\",\"name\":\"WEIQ\",\"url\":\"https:\/\/weiq.tech\/es\/\",\"logo\":{\"@type\":\"ImageObject\",\"inLanguage\":\"en-US\",\"@id\":\"https:\/\/weiq.tech\/es\/#\/schema\/logo\/image\/\",\"url\":\"https:\/\/weiq.tech\/wp-content\/uploads\/2025\/09\/WEIQ-Logo-Horizontal-Color-2-3.svg\",\"contentUrl\":\"https:\/\/weiq.tech\/wp-content\/uploads\/2025\/09\/WEIQ-Logo-Horizontal-Color-2-3.svg\",\"caption\":\"WEIQ\"},\"image\":{\"@id\":\"https:\/\/weiq.tech\/es\/#\/schema\/logo\/image\/\"},\"sameAs\":[\"https:\/\/www.facebook.com\/weiqorders\/\",\"https:\/\/se.linkedin.com\/company\/weiq\",\"https:\/\/www.instagram.com\/weiq.tech\/\",\"https:\/\/www.youtube.com\/channel\/UCKLYtgK2IZaML0jxEDcg6IA\"]}]}<\/script>\n<!-- \/ Yoast SEO plugin. -->","yoast_head_json":{"title":"Fees - Price list for accessories - WEIQ","robots":{"index":"noindex","follow":"nofollow"},"og_locale":"en_US","og_type":"article","og_title":"Fees - Price list for accessories - WEIQ","og_url":"https:\/\/weiq.tech\/en\/price-list-for-accessories\/","og_site_name":"WEIQ","article_publisher":"https:\/\/www.facebook.com\/weiqorders\/","article_modified_time":"2026-04-01T11:19:37+00:00","twitter_card":"summary_large_image","twitter_misc":{"Est. reading time":"3 minutes"},"schema":{"@context":"https:\/\/schema.org","@graph":[{"@type":"WebPage","@id":"https:\/\/weiq.tech\/prislista-tillbehor\/","url":"https:\/\/weiq.tech\/prislista-tillbehor\/","name":"Fees - Price list for accessories - WEIQ","isPartOf":{"@id":"https:\/\/weiq.tech\/es\/#website"},"datePublished":"2025-10-28T15:25:09+00:00","dateModified":"2026-04-01T11:19:37+00:00","breadcrumb":{"@id":"https:\/\/weiq.tech\/prislista-tillbehor\/#breadcrumb"},"inLanguage":"en-US","potentialAction":[{"@type":"ReadAction","target":["https:\/\/weiq.tech\/prislista-tillbehor\/"]}]},{"@type":"BreadcrumbList","@id":"https:\/\/weiq.tech\/prislista-tillbehor\/#breadcrumb","itemListElement":[{"@type":"ListItem","position":1,"name":"Home","item":"https:\/\/weiq.tech\/"},{"@type":"ListItem","position":2,"name":"Fees &#8211; Price list for accessories"}]},{"@type":"WebSite","@id":"https:\/\/weiq.tech\/es\/#website","url":"https:\/\/weiq.tech\/es\/","name":"WEIQ","description":"Restaurant ordering system with QR &amp; terminal","publisher":{"@id":"https:\/\/weiq.tech\/es\/#organization"},"potentialAction":[{"@type":"SearchAction","target":{"@type":"EntryPoint","urlTemplate":"https:\/\/weiq.tech\/es\/?s={search_term_string}"},"query-input":{"@type":"PropertyValueSpecification","valueRequired":true,"valueName":"search_term_string"}}],"inLanguage":"en-US"},{"@type":"Organization","@id":"https:\/\/weiq.tech\/es\/#organization","name":"WEIQ","url":"https:\/\/weiq.tech\/es\/","logo":{"@type":"ImageObject","inLanguage":"en-US","@id":"https:\/\/weiq.tech\/es\/#\/schema\/logo\/image\/","url":"https:\/\/weiq.tech\/wp-content\/uploads\/2025\/09\/WEIQ-Logo-Horizontal-Color-2-3.svg","contentUrl":"https:\/\/weiq.tech\/wp-content\/uploads\/2025\/09\/WEIQ-Logo-Horizontal-Color-2-3.svg","caption":"WEIQ"},"image":{"@id":"https:\/\/weiq.tech\/es\/#\/schema\/logo\/image\/"},"sameAs":["https:\/\/www.facebook.com\/weiqorders\/","https:\/\/se.linkedin.com\/company\/weiq","https:\/\/www.instagram.com\/weiq.tech\/","https:\/\/www.youtube.com\/channel\/UCKLYtgK2IZaML0jxEDcg6IA"]}]}},"_links":{"self":[{"href":"https:\/\/weiq.tech\/en\/wp-json\/wp\/v2\/pages\/1012","targetHints":{"allow":["GET"]}}],"collection":[{"href":"https:\/\/weiq.tech\/en\/wp-json\/wp\/v2\/pages"}],"about":[{"href":"https:\/\/weiq.tech\/en\/wp-json\/wp\/v2\/types\/page"}],"author":[{"embeddable":true,"href":"https:\/\/weiq.tech\/en\/wp-json\/wp\/v2\/users\/3"}],"replies":[{"embeddable":true,"href":"https:\/\/weiq.tech\/en\/wp-json\/wp\/v2\/comments?post=1012"}],"version-history":[{"count":0,"href":"https:\/\/weiq.tech\/en\/wp-json\/wp\/v2\/pages\/1012\/revisions"}],"wp:attachment":[{"href":"https:\/\/weiq.tech\/en\/wp-json\/wp\/v2\/media?parent=1012"}],"curies":[{"name":"WP","href":"https:\/\/api.w.org\/{rel}","templated":true}]}}