{"id":950,"date":"2025-10-28T11:56:29","date_gmt":"2025-10-28T11:56:29","guid":{"rendered":"https:\/\/weiqdev.wpenginepowered.com\/?page_id=950"},"modified":"2025-10-28T12:00:47","modified_gmt":"2025-10-28T12:00:47","slug":"terms-and-conditions-destination-gotland","status":"publish","type":"page","link":"https:\/\/weiq.tech\/en\/terms-and-conditions-destination-gotland\/","title":{"rendered":"Purchase Terms and Conditions Destination Gotland"},"content":{"rendered":"<div data-block=\"wysiwyg\" class=\"site-container mx-auto flex flex-col py-10 md:py-20 max-w-[880px] px-6 lg:px-0\">\n            <div class=\"wysiwyg-text wysiwyg-content\">\n            <p>&nbsp;<\/p>\n<p>&nbsp;<\/p>\n<h2>Terms of Purchase<\/h2>\n<h5>For the purchase of food and drink<\/h5>\n<p>These terms and conditions of purchase apply to purchases made from Destination Gotland AB in their food and beverage services onboard their vessels (hereinafter referred to as: Destination Gotland or the Seller) via the WEIQ application. The terms and conditions for using the application supplement these terms and conditions of purchase.<\/p>\n<p><strong>\u00a0<\/strong><br \/>\n<strong>Contact Information<\/strong><br \/>\n<strong>Destination Gotland AB<\/strong><\/p>\n<p>Organization Number: 556038-2342<\/p>\n<p><strong>Visiting address<\/strong>:<br \/>\nKorsgatan 2<br \/>\n62157 VISBY<\/p>\n<p><strong>Mailing address<\/strong>:<br \/>\nBOX 1234<br \/>\n621 23 VISBY<\/p>\n<p><strong>Contact Information:<\/strong><\/p>\n<p><a href=\"mailto:info@destinationgotland.se\">info@destinationgotland.se<\/a><\/p>\n<p><a href=\"http:\/\/www.destinationgotland.se\/\">www.destinationgotland.se<\/a><\/p>\n<p><strong>General information<\/strong><\/p>\n<p>These terms and conditions of purchase are accepted in their entirety, along with the terms of use for the application \u201dEasy Order-Destination Gotland\u201d or \u201dWEIQ Order,\u201d which follow these terms and conditions of purchase.<\/p>\n<p>Via the application \u201dEasy Order-Destination Gotland\u201d or \u201dWEIQ Order\u201d, a service provided by MEIQ Systems AB, you can order food and drinks from us at Destination Gotland.<\/p>\n<p>Once you have placed your order, we will process your order from the menu. After we have completed your order, we will notify you through the app. Upon notification, you should pick up your order as soon as possible at the pickup point. The pickup point is marked with signs. To place an order via the app, you must accept the terms of use, and when using the app, you can also read the application's privacy and data protection policy. You can find the terms of use and the privacy and data protection policy during registration and at www.weiq.tech\/dataskydd.<\/p>\n<p><strong>Release and rejection of order<\/strong><\/p>\n<p>Billing will only occur after you have received your order upon confirmed pickup. In cases where we determine we cannot deliver the product you ordered or assess that you, as the customer, do not meet our pickup requirements, we will reject your order. If your order is rejected, no money will be withdrawn. In instances where you fail to pick up your order, payment will be withdrawn and the order will be forfeited. Pickup should occur within 30 minutes of receiving notification that your order is ready.<\/p>\n<p><strong>Order with Destination Gotland<\/strong><\/p>\n<p>To order in the application, you must be 18 years of age and hereby agree that all orders placed via the app are binding.<\/p>\n<p><strong>Payment<\/strong><\/p>\n<p>Payment within the application is made via Bambora and is processed using debit or credit cards, or via SWISH. Your payment and card information are secured through their PCI-certified payment solution. No additional fees are charged to you as a user for purchases made through the application.<\/p>\n<p><strong>ID and payment card check<\/strong><\/p>\n<p>Please note that you may be asked to present valid identification and the credit\/debit card used for the purchase through the app when picking up your order.<\/p>\n<p><strong>Value-added tax and receipt<\/strong><\/p>\n<p>Alla priser i appen, om inget annat anges, \u00e4r inklusive moms. Momsen p\u00e5 livsmedel \u00e4r 12 % och p\u00e5 alkoholhaltiga drycker 25 %. Kvitto och momsspecifikation tillhandah\u00e5lls med mail via tj\u00e4nsten \u201dWEIQ\u201d genom att du fyller i din e-postadress. Kvittot \u00e4r signerat av en molnbaserad kontrollenhet godk\u00e4nd av skatteverket.<\/p>\n<p><strong>Pick up your order<\/strong><\/p>\n<p>When your order is ready, you will receive a confirmation in the application. Then, go to the designated \u201dWEIQ-point,\u201d your pickup location for your ordered goods. Present your ticket with the corresponding code and pattern. This will be validated against our information, and you will receive your order upon presentation of a valid ticket.<\/p>\n<p><strong>Confirmation<\/strong><\/p>\n<p>After confirmed pickup and payment, you will receive an email with an attached receipt if you chose to provide an email address for receipt email delivery. You are also entitled to a register-printed receipt if you wish.<\/p>\n<p><strong>Right of withdrawal<\/strong><\/p>\n<p>For orders of goods that, due to their nature, cannot be returned or that spoil quickly, such as food or poured drinks, there is no right of withdrawal. For complaints, please contact staff.<\/p>\n<p><strong>Order Times<\/strong><\/p>\n<p>Orders can only be placed when the bar is open, as per the information in the application. Orders are intended for pickup without delay and cannot be extended for pickup at a later time. If the buyer fails to pick up their order within what is considered a reasonable timeframe, the order will be rejected or forfeited. No refund will be given for non-collection.<\/p>\n<p><strong>Changes to Terms of Purchase<\/strong><\/p>\n<p>The terms of use for the app \u201dWEIQ\u201d and these purchase terms may be updated regularly. The customer undertakes to review the current terms and conditions before each order.<\/p>\n<p><strong>Personal data<\/strong><\/p>\n<p>If you have questions about the app's use of personal data, see more information at www.weiq.tech or contact <a href=\"mailto:privacy@weiq.tech?subject=Personuppgifter\">privacy@weiq.tech<\/a>.<\/p>\n<p><strong>More information<\/strong><\/p>\n<p>On our website <a href=\"https:\/\/destinationgotland.se\">destinationgotland.se<\/a> more information. For more information about the app used as a platform, visit <a href=\"https:\/\/weiqdev.wpenginepowered.com\/\">weiq.tech.<\/a><\/p>\n<p><strong>Contact Information<\/strong><\/p>\n<p><strong>Destination Gotland AB<\/strong><\/p>\n<p>Organization Number: 556038-2342<\/p>\n<p><strong>Visiting address<\/strong>:<br \/>\nKorsgatan 2<br \/>\n62157 VISBY<\/p>\n<p><strong>Mailing address<\/strong>:<br \/>\nBOX 1234<br \/>\n621 23 VISBY<\/p>\n<p><strong>Contact Information:<\/strong><\/p>\n<p><a href=\"mailto:info@destinationgotland.se\">info@destinationgotland.se<\/a><\/p>\n<p><a href=\"http:\/\/www.destinationgotland.se\/\">www.destinationgotland.se<\/a><\/p>\n\n        <\/div>\n    <\/div>","protected":false},"excerpt":{"rendered":"","protected":false},"author":3,"featured_media":0,"parent":0,"menu_order":0,"comment_status":"closed","ping_status":"closed","template":"","meta":{"_acf_changed":false,"content-type":"","footnotes":""},"class_list":["post-950","page","type-page","status-publish","hentry"],"acf":[],"yoast_head":"<!-- This site is optimized with the Yoast SEO plugin v27.2 - https:\/\/yoast.com\/product\/yoast-seo-wordpress\/ -->\n<title>K\u00f6pvillkor Destination Gotland - WEIQ<\/title>\n<meta name=\"robots\" content=\"index, follow, max-snippet:-1, max-image-preview:large, max-video-preview:-1\" \/>\n<link rel=\"canonical\" href=\"https:\/\/weiq.tech\/en\/terms-and-conditions-destination-gotland\/\" \/>\n<meta property=\"og:locale\" content=\"en_US\" \/>\n<meta property=\"og:type\" content=\"article\" \/>\n<meta property=\"og:title\" content=\"K\u00f6pvillkor Destination Gotland - WEIQ\" \/>\n<meta property=\"og:url\" content=\"https:\/\/weiq.tech\/en\/terms-and-conditions-destination-gotland\/\" \/>\n<meta property=\"og:site_name\" content=\"WEIQ\" \/>\n<meta property=\"article:publisher\" content=\"https:\/\/www.facebook.com\/weiqorders\/\" \/>\n<meta property=\"article:modified_time\" content=\"2025-10-28T12:00:47+00:00\" \/>\n<meta name=\"twitter:card\" content=\"summary_large_image\" \/>\n<script type=\"application\/ld+json\" class=\"yoast-schema-graph\">{\"@context\":\"https:\/\/schema.org\",\"@graph\":[{\"@type\":\"WebPage\",\"@id\":\"https:\/\/weiq.tech\/kopvillkor-destination-gotland\/\",\"url\":\"https:\/\/weiq.tech\/kopvillkor-destination-gotland\/\",\"name\":\"K\u00f6pvillkor Destination Gotland - WEIQ\",\"isPartOf\":{\"@id\":\"https:\/\/weiq.tech\/es\/#website\"},\"datePublished\":\"2025-10-28T11:56:29+00:00\",\"dateModified\":\"2025-10-28T12:00:47+00:00\",\"breadcrumb\":{\"@id\":\"https:\/\/weiq.tech\/kopvillkor-destination-gotland\/#breadcrumb\"},\"inLanguage\":\"en-US\",\"potentialAction\":[{\"@type\":\"ReadAction\",\"target\":[\"https:\/\/weiq.tech\/kopvillkor-destination-gotland\/\"]}]},{\"@type\":\"BreadcrumbList\",\"@id\":\"https:\/\/weiq.tech\/kopvillkor-destination-gotland\/#breadcrumb\",\"itemListElement\":[{\"@type\":\"ListItem\",\"position\":1,\"name\":\"Home\",\"item\":\"https:\/\/weiq.tech\/\"},{\"@type\":\"ListItem\",\"position\":2,\"name\":\"K\u00f6pvillkor Destination Gotland\"}]},{\"@type\":\"WebSite\",\"@id\":\"https:\/\/weiq.tech\/es\/#website\",\"url\":\"https:\/\/weiq.tech\/es\/\",\"name\":\"WEIQ\",\"description\":\"Best\u00e4llningssystem f\u00f6r restauranger med QR &amp; terminal\",\"publisher\":{\"@id\":\"https:\/\/weiq.tech\/es\/#organization\"},\"potentialAction\":[{\"@type\":\"SearchAction\",\"target\":{\"@type\":\"EntryPoint\",\"urlTemplate\":\"https:\/\/weiq.tech\/es\/?s={search_term_string}\"},\"query-input\":{\"@type\":\"PropertyValueSpecification\",\"valueRequired\":true,\"valueName\":\"search_term_string\"}}],\"inLanguage\":\"en-US\"},{\"@type\":\"Organization\",\"@id\":\"https:\/\/weiq.tech\/es\/#organization\",\"name\":\"WEIQ\",\"url\":\"https:\/\/weiq.tech\/es\/\",\"logo\":{\"@type\":\"ImageObject\",\"inLanguage\":\"en-US\",\"@id\":\"https:\/\/weiq.tech\/es\/#\/schema\/logo\/image\/\",\"url\":\"https:\/\/weiq.tech\/wp-content\/uploads\/2025\/09\/WEIQ-Logo-Horizontal-Color-2-3.svg\",\"contentUrl\":\"https:\/\/weiq.tech\/wp-content\/uploads\/2025\/09\/WEIQ-Logo-Horizontal-Color-2-3.svg\",\"caption\":\"WEIQ\"},\"image\":{\"@id\":\"https:\/\/weiq.tech\/es\/#\/schema\/logo\/image\/\"},\"sameAs\":[\"https:\/\/www.facebook.com\/weiqorders\/\",\"https:\/\/se.linkedin.com\/company\/weiq\",\"https:\/\/www.instagram.com\/weiq.tech\/\",\"https:\/\/www.youtube.com\/channel\/UCKLYtgK2IZaML0jxEDcg6IA\"]}]}<\/script>\n<!-- \/ Yoast SEO plugin. -->","yoast_head_json":{"title":"Purchase Terms Destination Gotland - WEIQ","robots":{"index":"index","follow":"follow","max-snippet":"max-snippet:-1","max-image-preview":"max-image-preview:large","max-video-preview":"max-video-preview:-1"},"canonical":"https:\/\/weiq.tech\/en\/terms-and-conditions-destination-gotland\/","og_locale":"en_US","og_type":"article","og_title":"K\u00f6pvillkor Destination Gotland - WEIQ","og_url":"https:\/\/weiq.tech\/en\/terms-and-conditions-destination-gotland\/","og_site_name":"WEIQ","article_publisher":"https:\/\/www.facebook.com\/weiqorders\/","article_modified_time":"2025-10-28T12:00:47+00:00","twitter_card":"summary_large_image","schema":{"@context":"https:\/\/schema.org","@graph":[{"@type":"WebPage","@id":"https:\/\/weiq.tech\/kopvillkor-destination-gotland\/","url":"https:\/\/weiq.tech\/kopvillkor-destination-gotland\/","name":"Purchase Terms Destination Gotland - WEIQ","isPartOf":{"@id":"https:\/\/weiq.tech\/es\/#website"},"datePublished":"2025-10-28T11:56:29+00:00","dateModified":"2025-10-28T12:00:47+00:00","breadcrumb":{"@id":"https:\/\/weiq.tech\/kopvillkor-destination-gotland\/#breadcrumb"},"inLanguage":"en-US","potentialAction":[{"@type":"ReadAction","target":["https:\/\/weiq.tech\/kopvillkor-destination-gotland\/"]}]},{"@type":"BreadcrumbList","@id":"https:\/\/weiq.tech\/kopvillkor-destination-gotland\/#breadcrumb","itemListElement":[{"@type":"ListItem","position":1,"name":"Home","item":"https:\/\/weiq.tech\/"},{"@type":"ListItem","position":2,"name":"K\u00f6pvillkor Destination Gotland"}]},{"@type":"WebSite","@id":"https:\/\/weiq.tech\/es\/#website","url":"https:\/\/weiq.tech\/es\/","name":"WEIQ","description":"Restaurant ordering system with QR &amp; terminal","publisher":{"@id":"https:\/\/weiq.tech\/es\/#organization"},"potentialAction":[{"@type":"SearchAction","target":{"@type":"EntryPoint","urlTemplate":"https:\/\/weiq.tech\/es\/?s={search_term_string}"},"query-input":{"@type":"PropertyValueSpecification","valueRequired":true,"valueName":"search_term_string"}}],"inLanguage":"en-US"},{"@type":"Organization","@id":"https:\/\/weiq.tech\/es\/#organization","name":"WEIQ","url":"https:\/\/weiq.tech\/es\/","logo":{"@type":"ImageObject","inLanguage":"en-US","@id":"https:\/\/weiq.tech\/es\/#\/schema\/logo\/image\/","url":"https:\/\/weiq.tech\/wp-content\/uploads\/2025\/09\/WEIQ-Logo-Horizontal-Color-2-3.svg","contentUrl":"https:\/\/weiq.tech\/wp-content\/uploads\/2025\/09\/WEIQ-Logo-Horizontal-Color-2-3.svg","caption":"WEIQ"},"image":{"@id":"https:\/\/weiq.tech\/es\/#\/schema\/logo\/image\/"},"sameAs":["https:\/\/www.facebook.com\/weiqorders\/","https:\/\/se.linkedin.com\/company\/weiq","https:\/\/www.instagram.com\/weiq.tech\/","https:\/\/www.youtube.com\/channel\/UCKLYtgK2IZaML0jxEDcg6IA"]}]}},"_links":{"self":[{"href":"https:\/\/weiq.tech\/en\/wp-json\/wp\/v2\/pages\/950","targetHints":{"allow":["GET"]}}],"collection":[{"href":"https:\/\/weiq.tech\/en\/wp-json\/wp\/v2\/pages"}],"about":[{"href":"https:\/\/weiq.tech\/en\/wp-json\/wp\/v2\/types\/page"}],"author":[{"embeddable":true,"href":"https:\/\/weiq.tech\/en\/wp-json\/wp\/v2\/users\/3"}],"replies":[{"embeddable":true,"href":"https:\/\/weiq.tech\/en\/wp-json\/wp\/v2\/comments?post=950"}],"version-history":[{"count":0,"href":"https:\/\/weiq.tech\/en\/wp-json\/wp\/v2\/pages\/950\/revisions"}],"wp:attachment":[{"href":"https:\/\/weiq.tech\/en\/wp-json\/wp\/v2\/media?parent=950"}],"curies":[{"name":"WP","href":"https:\/\/api.w.org\/{rel}","templated":true}]}}