{"id":1006,"date":"2025-10-28T15:21:13","date_gmt":"2025-10-28T15:21:13","guid":{"rendered":"https:\/\/weiqdev.wpenginepowered.com\/?page_id=1006"},"modified":"2026-04-01T12:20:44","modified_gmt":"2026-04-01T11:20:44","slug":"transaction-fees-v1-03","status":"publish","type":"page","link":"https:\/\/weiq.tech\/es\/transaction-fees-v1-03\/","title":{"rendered":"Fees &#8211; Transaction fees v1.03"},"content":{"rendered":"<style>\n    .hero-cloud-bg {\n        background: url('\/assets\/img\/page-hero-bg-mobile.webp') no-repeat center;\n        background-size: auto;\n        background-position: bottom;\n    }\n\n    @media screen and (min-width: 767px) {\n        .hero-cloud-bg {\n            background: url('\/assets\/img\/page-hero-bg.webp') no-repeat center;\n            background-size: auto;\n            background-position: top;\n        }\n    }\n<\/style>\n<section data-block=\"page-hero\" class=\"px-4 pt-[130px] pb-[80px] md:pb-15  md:pt-[190px]\">\n    <div class=\"content-container\">\n        <div class=\"grid gap-8 lg:gap-[105px] items-center text-center max-w-4xl mx-auto\">\n            <div class=\"flex flex-col items-center lg:self-end\">\n                                    <h1 class=\"heading-lg mb-4 max-lg:text-center\">\n                        Tasas de transacci\u00f3n para las \u00f3rdenes ECOM (App)\n                    <\/h1>\n                \n                \n                \n                \n                <div class=\"lg:justify-self-start\">\n                    \n                                    <\/div>\n            <\/div>\n\n                    <\/div>\n    <\/div>\n<\/section>\n\n\n<div data-block=\"wysiwyg\" class=\"site-container mx-auto flex flex-col py-10 md:py-20 max-w-[880px] px-6 lg:px-0\">\n            <div class=\"wysiwyg-text wysiwyg-content\">\n            <p>NOTA: En la mayor\u00eda de los lugares, m\u00e1s del 90% de las transacciones con tarjeta ser\u00e1n con tarjetas de consumidores nacionales.<\/p>\n<p>&nbsp;<\/p>\n<table dir=\"ltr\" cellspacing=\"0\" cellpadding=\"0\">\n<colgroup>\n<col width=\"100\" \/>\n<col width=\"90\" \/><\/colgroup>\n<tbody>\n<tr>\n<td><strong>Visa y Mastercard<\/strong><\/td>\n<td><strong>Tasa<\/strong><\/td>\n<\/tr>\n<tr>\n<td>Tarjetas de d\u00e9bito EEE<\/td>\n<td>3%*<\/td>\n<\/tr>\n<tr>\n<td>Tarjetas de cr\u00e9dito EEE<\/td>\n<td>3%*<\/td>\n<\/tr>\n<tr>\n<td>Tarjetas internacionales<\/td>\n<td>3.95%**<\/td>\n<\/tr>\n<tr>\n<td>Tarjetas comerciales<\/td>\n<td>3.95%**<\/td>\n<\/tr>\n<tr>\n<td>MasterCard Tarjetas de vales de comida<\/td>\n<td>4.05%*****<\/td>\n<\/tr>\n<tr>\n<td><\/td>\n<td><\/td>\n<\/tr>\n<tr>\n<td><strong>Amex<\/strong><br \/>\n<strong>(opcional)<\/strong><\/td>\n<td>3.2%***<\/td>\n<\/tr>\n<tr>\n<td><\/td>\n<td><\/td>\n<\/tr>\n<tr>\n<td><strong>Swish (opcional)<\/strong><\/td>\n<td>3% + 0,5 kr*<\/td>\n<\/tr>\n<tr>\n<td><\/td>\n<td><\/td>\n<\/tr>\n<tr>\n<td><strong>Factura (Billie) (opcional)<\/strong><\/td>\n<td>5%****<\/td>\n<\/tr>\n<tr>\n<td><\/td>\n<td><\/td>\n<\/tr>\n<tr>\n<td><strong>MobilePay (DK)<\/strong><\/td>\n<td>+ 1,20 kr por transacci\u00f3n<\/td>\n<\/tr>\n<\/tbody>\n<\/table>\n<p>Nota: Se aplican las mismas comisiones de transacci\u00f3n a las SEK, DKK y NOK. Estas monedas se indican como \u201ckr\u201d en esta p\u00e1gina.<br \/>\n* Cargo m\u00ednimo 3,00 kr<br \/>\n** Cargo m\u00ednimo 4,00 kr<br \/>\n*** Cargo m\u00ednimo 4,50 kr<br \/>\n**** Importe m\u00ednimo del pedido 1000 kr<br \/>\n***** Minimum charge 5.20 kr<\/p>\n<p>EEE = UE+Noruega, Reino Unido, Suiza, Islandia y Liechtenstein<\/p>\n<p>Coste de los pagos m\u00e1s r\u00e1pidos (opcional):<\/p>\n<ul>\n<li>1 d\u00eda m\u00e1s r\u00e1pido (T+1): 0,02%<\/li>\n<li>2 d\u00edas m\u00e1s r\u00e1pido (T+0): 0,04%<\/li>\n<\/ul>\n<p>Ver: 1.03<\/p>\n\n        <\/div>\n    <\/div>","protected":false},"excerpt":{"rendered":"","protected":false},"author":3,"featured_media":0,"parent":0,"menu_order":0,"comment_status":"closed","ping_status":"closed","template":"","meta":{"_acf_changed":false,"content-type":"","footnotes":""},"class_list":["post-1006","page","type-page","status-publish","hentry"],"acf":[],"yoast_head":"<!-- This site is optimized with the Yoast SEO plugin v27.2 - https:\/\/yoast.com\/product\/yoast-seo-wordpress\/ -->\n<title>Fees - Transaction fees v1.03 - WEIQ<\/title>\n<meta name=\"robots\" content=\"noindex, nofollow\" \/>\n<meta property=\"og:locale\" content=\"es_ES\" \/>\n<meta property=\"og:type\" content=\"article\" \/>\n<meta property=\"og:title\" content=\"Fees - Transaction fees v1.03 - WEIQ\" \/>\n<meta property=\"og:url\" content=\"https:\/\/weiq.tech\/es\/transaction-fees-v1-03\/\" \/>\n<meta property=\"og:site_name\" content=\"WEIQ\" \/>\n<meta property=\"article:publisher\" content=\"https:\/\/www.facebook.com\/weiqorders\/\" \/>\n<meta property=\"article:modified_time\" content=\"2026-04-01T11:20:44+00:00\" \/>\n<meta name=\"twitter:card\" content=\"summary_large_image\" \/>\n<meta name=\"twitter:label1\" content=\"Est. reading time\" \/>\n\t<meta name=\"twitter:data1\" content=\"1 minuto\" \/>\n<script type=\"application\/ld+json\" class=\"yoast-schema-graph\">{\"@context\":\"https:\/\/schema.org\",\"@graph\":[{\"@type\":\"WebPage\",\"@id\":\"https:\/\/weiq.tech\/transaction-fees-v1-03\/\",\"url\":\"https:\/\/weiq.tech\/transaction-fees-v1-03\/\",\"name\":\"Fees - Transaction fees v1.03 - WEIQ\",\"isPartOf\":{\"@id\":\"https:\/\/weiq.tech\/es\/#website\"},\"datePublished\":\"2025-10-28T15:21:13+00:00\",\"dateModified\":\"2026-04-01T11:20:44+00:00\",\"breadcrumb\":{\"@id\":\"https:\/\/weiq.tech\/transaction-fees-v1-03\/#breadcrumb\"},\"inLanguage\":\"es\",\"potentialAction\":[{\"@type\":\"ReadAction\",\"target\":[\"https:\/\/weiq.tech\/transaction-fees-v1-03\/\"]}]},{\"@type\":\"BreadcrumbList\",\"@id\":\"https:\/\/weiq.tech\/transaction-fees-v1-03\/#breadcrumb\",\"itemListElement\":[{\"@type\":\"ListItem\",\"position\":1,\"name\":\"Home\",\"item\":\"https:\/\/weiq.tech\/\"},{\"@type\":\"ListItem\",\"position\":2,\"name\":\"Fees &#8211; Transaction fees v1.03\"}]},{\"@type\":\"WebSite\",\"@id\":\"https:\/\/weiq.tech\/es\/#website\",\"url\":\"https:\/\/weiq.tech\/es\/\",\"name\":\"WEIQ\",\"description\":\"Best\u00e4llningssystem f\u00f6r restauranger med QR &amp; terminal\",\"publisher\":{\"@id\":\"https:\/\/weiq.tech\/es\/#organization\"},\"potentialAction\":[{\"@type\":\"SearchAction\",\"target\":{\"@type\":\"EntryPoint\",\"urlTemplate\":\"https:\/\/weiq.tech\/es\/?s={search_term_string}\"},\"query-input\":{\"@type\":\"PropertyValueSpecification\",\"valueRequired\":true,\"valueName\":\"search_term_string\"}}],\"inLanguage\":\"es\"},{\"@type\":\"Organization\",\"@id\":\"https:\/\/weiq.tech\/es\/#organization\",\"name\":\"WEIQ\",\"url\":\"https:\/\/weiq.tech\/es\/\",\"logo\":{\"@type\":\"ImageObject\",\"inLanguage\":\"es\",\"@id\":\"https:\/\/weiq.tech\/es\/#\/schema\/logo\/image\/\",\"url\":\"https:\/\/weiq.tech\/wp-content\/uploads\/2025\/09\/WEIQ-Logo-Horizontal-Color-2-3.svg\",\"contentUrl\":\"https:\/\/weiq.tech\/wp-content\/uploads\/2025\/09\/WEIQ-Logo-Horizontal-Color-2-3.svg\",\"caption\":\"WEIQ\"},\"image\":{\"@id\":\"https:\/\/weiq.tech\/es\/#\/schema\/logo\/image\/\"},\"sameAs\":[\"https:\/\/www.facebook.com\/weiqorders\/\",\"https:\/\/se.linkedin.com\/company\/weiq\",\"https:\/\/www.instagram.com\/weiq.tech\/\",\"https:\/\/www.youtube.com\/channel\/UCKLYtgK2IZaML0jxEDcg6IA\"]}]}<\/script>\n<!-- \/ Yoast SEO plugin. -->","yoast_head_json":{"title":"Fees - Transaction fees v1.03 - WEIQ","robots":{"index":"noindex","follow":"nofollow"},"og_locale":"es_ES","og_type":"article","og_title":"Fees - Transaction fees v1.03 - WEIQ","og_url":"https:\/\/weiq.tech\/es\/transaction-fees-v1-03\/","og_site_name":"WEIQ","article_publisher":"https:\/\/www.facebook.com\/weiqorders\/","article_modified_time":"2026-04-01T11:20:44+00:00","twitter_card":"summary_large_image","twitter_misc":{"Est. reading time":"1 minuto"},"schema":{"@context":"https:\/\/schema.org","@graph":[{"@type":"WebPage","@id":"https:\/\/weiq.tech\/transaction-fees-v1-03\/","url":"https:\/\/weiq.tech\/transaction-fees-v1-03\/","name":"Fees - Transaction fees v1.03 - WEIQ","isPartOf":{"@id":"https:\/\/weiq.tech\/es\/#website"},"datePublished":"2025-10-28T15:21:13+00:00","dateModified":"2026-04-01T11:20:44+00:00","breadcrumb":{"@id":"https:\/\/weiq.tech\/transaction-fees-v1-03\/#breadcrumb"},"inLanguage":"es","potentialAction":[{"@type":"ReadAction","target":["https:\/\/weiq.tech\/transaction-fees-v1-03\/"]}]},{"@type":"BreadcrumbList","@id":"https:\/\/weiq.tech\/transaction-fees-v1-03\/#breadcrumb","itemListElement":[{"@type":"ListItem","position":1,"name":"Home","item":"https:\/\/weiq.tech\/"},{"@type":"ListItem","position":2,"name":"Fees &#8211; Transaction fees v1.03"}]},{"@type":"WebSite","@id":"https:\/\/weiq.tech\/es\/#website","url":"https:\/\/weiq.tech\/es\/","name":"WEIQ","description":"Sistema de pedidos para restaurantes con QR y terminal","publisher":{"@id":"https:\/\/weiq.tech\/es\/#organization"},"potentialAction":[{"@type":"SearchAction","target":{"@type":"EntryPoint","urlTemplate":"https:\/\/weiq.tech\/es\/?s={search_term_string}"},"query-input":{"@type":"PropertyValueSpecification","valueRequired":true,"valueName":"search_term_string"}}],"inLanguage":"es"},{"@type":"Organization","@id":"https:\/\/weiq.tech\/es\/#organization","name":"WEIQ","url":"https:\/\/weiq.tech\/es\/","logo":{"@type":"ImageObject","inLanguage":"es","@id":"https:\/\/weiq.tech\/es\/#\/schema\/logo\/image\/","url":"https:\/\/weiq.tech\/wp-content\/uploads\/2025\/09\/WEIQ-Logo-Horizontal-Color-2-3.svg","contentUrl":"https:\/\/weiq.tech\/wp-content\/uploads\/2025\/09\/WEIQ-Logo-Horizontal-Color-2-3.svg","caption":"WEIQ"},"image":{"@id":"https:\/\/weiq.tech\/es\/#\/schema\/logo\/image\/"},"sameAs":["https:\/\/www.facebook.com\/weiqorders\/","https:\/\/se.linkedin.com\/company\/weiq","https:\/\/www.instagram.com\/weiq.tech\/","https:\/\/www.youtube.com\/channel\/UCKLYtgK2IZaML0jxEDcg6IA"]}]}},"_links":{"self":[{"href":"https:\/\/weiq.tech\/es\/wp-json\/wp\/v2\/pages\/1006","targetHints":{"allow":["GET"]}}],"collection":[{"href":"https:\/\/weiq.tech\/es\/wp-json\/wp\/v2\/pages"}],"about":[{"href":"https:\/\/weiq.tech\/es\/wp-json\/wp\/v2\/types\/page"}],"author":[{"embeddable":true,"href":"https:\/\/weiq.tech\/es\/wp-json\/wp\/v2\/users\/3"}],"replies":[{"embeddable":true,"href":"https:\/\/weiq.tech\/es\/wp-json\/wp\/v2\/comments?post=1006"}],"version-history":[{"count":0,"href":"https:\/\/weiq.tech\/es\/wp-json\/wp\/v2\/pages\/1006\/revisions"}],"wp:attachment":[{"href":"https:\/\/weiq.tech\/es\/wp-json\/wp\/v2\/media?parent=1006"}],"curies":[{"name":"wp","href":"https:\/\/api.w.org\/{rel}","templated":true}]}}