{"id":1012,"date":"2025-10-28T15:25:09","date_gmt":"2025-10-28T15:25:09","guid":{"rendered":"https:\/\/weiqdev.wpenginepowered.com\/?page_id=1012"},"modified":"2026-04-01T12:19:37","modified_gmt":"2026-04-01T11:19:37","slug":"lista-de-precios-de-los-accesorios","status":"publish","type":"page","link":"https:\/\/weiq.tech\/es\/lista-de-precios-de-los-accesorios\/","title":{"rendered":"Tarifas - Lista de precios de los accesorios"},"content":{"rendered":"<style>\n    .hero-cloud-bg {\n        background: url('\/assets\/img\/page-hero-bg-mobile.webp') no-repeat center;\n        background-size: auto;\n        background-position: bottom;\n    }\n\n    @media screen and (min-width: 767px) {\n        .hero-cloud-bg {\n            background: url('\/assets\/img\/page-hero-bg.webp') no-repeat center;\n            background-size: auto;\n            background-position: top;\n        }\n    }\n<\/style>\n<section data-block=\"page-hero\" class=\"px-4 pt-[130px] pb-[80px] md:pb-15  md:pt-[190px]\">\n    <div class=\"content-container\">\n        <div class=\"grid gap-8 lg:gap-[105px] items-center text-center max-w-4xl mx-auto\">\n            <div class=\"flex flex-col items-center lg:self-end\">\n                                    <h1 class=\"heading-lg mb-4 max-lg:text-center\">\n                        LISTA DE PRECIOS DE LOS ACCESORIOS\n                    <\/h1>\n                \n                \n                \n                \n                <div class=\"lg:justify-self-start\">\n                    \n                                    <\/div>\n            <\/div>\n\n                    <\/div>\n    <\/div>\n<\/section>\n\n\n<div data-block=\"wysiwyg\" class=\"site-container mx-auto flex flex-col py-10 md:py-20 max-w-[880px] px-6 lg:px-0\">\n            <div class=\"wysiwyg-text wysiwyg-content\">\n            <p>Esta lista de precios se aplica a las compras adicionales de productos y servicios para su suscripci\u00f3n al Servicio WEIQ. Al firmar el acuerdo, usted tambi\u00e9n acepta esta lista de precios. Estas compras adicionales se facturar\u00e1n de acuerdo con la lista de precios que figura a continuaci\u00f3n, con un plazo de pago de 30 d\u00edas.<\/p>\n<p>Por favor, confirme con su persona de contacto antes de comprar para asegurarse de los precios actuales. Los precios indicados a continuaci\u00f3n no incluyen el IVA. Los gastos de env\u00edo se a\u00f1adir\u00e1n al precio de coste. Nos reservamos el derecho a actualizar esta lista de precios.<\/p>\n<table class=\"t1\" width=\"324\" cellspacing=\"0\" cellpadding=\"0\">\n<tbody>\n<tr>\n<td class=\"td1\" valign=\"middle\">\n<p class=\"p7\"><b>Precio (sin IVA)<\/b><\/p>\n<\/td>\n<td class=\"td1\" valign=\"middle\">\n<p class=\"p7\"><b>Producto \/ servicio<br \/>\n<\/b><\/p>\n<\/td>\n<\/tr>\n<tr>\n<td class=\"td1\" valign=\"middle\">4500 SEK<\/td>\n<td class=\"td1\" valign=\"middle\">Impresora STAR MC-PRINT2 Puede conectarse mediante Bluetooth o Ethernet a una tableta para imprimir recibos.<\/td>\n<\/tr>\n<tr>\n<td class=\"td1\" valign=\"middle\">\n<p class=\"p7\">3500 SEK<\/p>\n<\/td>\n<td class=\"td1\" valign=\"middle\">\n<p class=\"p7\">Tableta grande - Samsung Galaxy<\/p>\n<\/td>\n<\/tr>\n<tr>\n<td class=\"td1\" valign=\"middle\">\n<p class=\"p7\">2500 SEK<\/p>\n<\/td>\n<td class=\"td1\" valign=\"middle\">\n<p class=\"p7\">Tableta peque\u00f1a - Samsung Galaxy TAB LITE, Tambi\u00e9n se facturar\u00e1 si no se devuelve.<\/p>\n<\/td>\n<\/tr>\n<tr>\n<td class=\"td1\" valign=\"middle\">\n<p class=\"p7\">450 SEK\/mes<\/p>\n<\/td>\n<td class=\"td1\" valign=\"middle\">\n<p class=\"p7\">S1F2 Terminal con impresora incorporada.<\/p>\n<p>El seguro es de 40 SEK \/ mes. Si de lo contrario, un terminal da\u00f1ado o perdido ser\u00e1 reemplazado con una tarifa de 5000 SEK.<\/p>\n<p>Contrato m\u00ednimo de 12 meses.<\/td>\n<\/tr>\n<tr>\n<td class=\"td1\" valign=\"middle\">\n<p class=\"p7\">2000 SEK\/t\u00e9rmino<\/p>\n<\/td>\n<td class=\"td1\" valign=\"middle\">\n<p class=\"p7\">Terminal S1F2 con impresora integrada. Un plazo m\u00e1ximo de 6 meses.<\/p>\n<p>El seguro es de 40 SEK \/ mes. Si de lo contrario, un terminal da\u00f1ado o perdido ser\u00e1 reemplazado con una tarifa de 5000 SEK.<\/p>\n<p>Contrato m\u00ednimo de 12 meses.<\/td>\n<\/tr>\n<tr>\n<td class=\"td1\" valign=\"middle\">\n<p class=\"p7\">350 SEK\/mes<\/p>\n<\/td>\n<td class=\"td1\" valign=\"middle\">\n<p class=\"p7\">Terminal AMS1 sin impresora.<\/p>\n<p>El seguro es de 40 SEK\/mes. En caso contrario, se sustituir\u00e1 un terminal da\u00f1ado o extraviado con una tarifa de 2000 SEK.<\/p>\n<p>Contrato m\u00ednimo de 12 meses.<\/td>\n<\/tr>\n<tr>\n<td class=\"td1\" valign=\"middle\">\n<p class=\"p7\">1200 SEK\/t\u00e9rmino<\/p>\n<\/td>\n<td class=\"td1\" valign=\"middle\">\n<p class=\"p7\">Terminal AMS1 sin impresora integrada. Un plazo m\u00e1ximo de 6 meses.<\/p>\n<p>El seguro es de 40 SEK\/mes. En caso contrario, se sustituir\u00e1 un terminal da\u00f1ado o extraviado con una tarifa de 2000 SEK.<\/p>\n<p>Contrato m\u00ednimo de 12 meses.<\/td>\n<\/tr>\n<tr>\n<td class=\"td1\" valign=\"middle\">\n<p class=\"p7\">300 SEK<\/p>\n<\/td>\n<td class=\"td1\" valign=\"middle\">\n<p class=\"p7\">Cargador USB-C extra para tablet o terminal. Tambi\u00e9n se facturar\u00e1 si no se devuelve.<\/p>\n<\/td>\n<\/tr>\n<tr>\n<td class=\"td1\" valign=\"middle\">\n<p class=\"p7\">400 SEK<\/p>\n<\/td>\n<td class=\"td1\" valign=\"middle\">\n<p class=\"p7\">Pinza de cintur\u00f3n para terminal S1F2.<\/p>\n<\/td>\n<\/tr>\n<tr>\n<td class=\"td1\" valign=\"middle\">\n<p class=\"p7\">500 SEK<\/p>\n<\/td>\n<td class=\"td1\" valign=\"middle\">\n<p class=\"p7\">Estaci\u00f3n de carga para el terminal S1F2<\/p>\n<\/td>\n<\/tr>\n<tr>\n<td class=\"td1\" valign=\"middle\">\n<p class=\"p7\">400 SEK<\/p>\n<\/td>\n<td class=\"td1\" valign=\"middle\">\n<p class=\"p7\">Muelle \/ estaci\u00f3n de carga para terminal AMS1<\/p>\n<\/td>\n<\/tr>\n<tr>\n<td class=\"td1\" valign=\"middle\">\n<p class=\"p7\">400 SEK<\/p>\n<\/td>\n<td class=\"td1\" valign=\"middle\">\n<p class=\"p7\">Bater\u00eda adicional para el terminal S1F2<\/p>\n<\/td>\n<\/tr>\n<tr>\n<td class=\"td1\" valign=\"middle\">\n<p class=\"p7\">350 SEK<\/p>\n<\/td>\n<td class=\"td1\" valign=\"middle\">\n<p class=\"p7\">Soporte adicional para la tableta. Tambi\u00e9n se facturar\u00e1 si no se devuelve.<\/p>\n<\/td>\n<\/tr>\n<tr>\n<td class=\"td1\" valign=\"middle\">\n<p class=\"p7\">750 SEK<\/p>\n<\/td>\n<td class=\"td1\" valign=\"middle\">\n<p class=\"p7\">Soporte adicional para tableta dise\u00f1ado para uso en cocina, con \u201cbrazo\u201d o soporte de pared.<\/p>\n<\/td>\n<\/tr>\n<tr>\n<td class=\"td1\" valign=\"middle\">\n<p class=\"p7\">15 SEK\/c\u00f3digo QR<\/p>\n<\/td>\n<td class=\"td1\" valign=\"middle\">\n<p class=\"p7\">C\u00f3digos QR adicionales en acr\u00edlico con n\u00fameros de mesa.<\/p>\n<\/td>\n<\/tr>\n<\/tbody>\n<\/table>\n<p>Otros materiales impresos se facturar\u00e1n seg\u00fan acuerdo. Se a\u00f1adir\u00e1n los gastos de env\u00edo.<br \/>\nLos pedidos se realizan a trav\u00e9s de su persona de contacto en WEIQ o a trav\u00e9s de <span style=\"text-decoration: underline;\"><a rel=\"noopener\">support@weiq.tech<\/a><\/span>.<\/p>\n<p>Nombre: MEIQ Systems AB<br \/>\nEmpresa ID: 559148-4380<br \/>\nP\u00e1gina web: <span style=\"text-decoration: underline;\"><a href=\"https:\/\/weiq.tech\/es\/\" target=\"_new\" rel=\"noopener\">https:\/\/weiq.tech<\/a><\/span><br \/>\nCorreo electr\u00f3nico: <span style=\"text-decoration: underline;\"><a rel=\"noopener\">info@weiq.tech<\/a><\/span><br \/>\nDirecci\u00f3n: S\u00f6dra F\u00f6rstadsgatan 1, 211 43 Malm\u00f6 (Suecia)<\/p>\n<p><strong>Persona de contacto<\/strong><br \/>\nNombre: Henrik Norrman (MEIQ Systems AB)<br \/>\nCorreo electr\u00f3nico: <span style=\"text-decoration: underline;\"><a rel=\"noopener\">Henrik.Norrman@weiq.tech<\/a><\/span><\/p>\n\n        <\/div>\n    <\/div>","protected":false},"excerpt":{"rendered":"","protected":false},"author":3,"featured_media":0,"parent":0,"menu_order":0,"comment_status":"closed","ping_status":"closed","template":"","meta":{"_acf_changed":true,"content-type":"","footnotes":""},"class_list":["post-1012","page","type-page","status-publish","hentry"],"acf":[],"yoast_head":"<!-- This site is optimized with the Yoast SEO plugin v27.2 - https:\/\/yoast.com\/product\/yoast-seo-wordpress\/ -->\n<title>Fees - Price list for accessories - WEIQ<\/title>\n<meta name=\"robots\" content=\"noindex, nofollow\" \/>\n<meta property=\"og:locale\" content=\"es_ES\" \/>\n<meta property=\"og:type\" content=\"article\" \/>\n<meta property=\"og:title\" content=\"Fees - Price list for accessories - WEIQ\" \/>\n<meta property=\"og:url\" content=\"https:\/\/weiq.tech\/es\/lista-de-precios-de-los-accesorios\/\" \/>\n<meta property=\"og:site_name\" content=\"WEIQ\" \/>\n<meta property=\"article:publisher\" content=\"https:\/\/www.facebook.com\/weiqorders\/\" \/>\n<meta property=\"article:modified_time\" content=\"2026-04-01T11:19:37+00:00\" \/>\n<meta name=\"twitter:card\" content=\"summary_large_image\" \/>\n<meta name=\"twitter:label1\" content=\"Est. reading time\" \/>\n\t<meta name=\"twitter:data1\" content=\"3 minutos\" \/>\n<script type=\"application\/ld+json\" class=\"yoast-schema-graph\">{\"@context\":\"https:\/\/schema.org\",\"@graph\":[{\"@type\":\"WebPage\",\"@id\":\"https:\/\/weiq.tech\/prislista-tillbehor\/\",\"url\":\"https:\/\/weiq.tech\/prislista-tillbehor\/\",\"name\":\"Fees - Price list for accessories - WEIQ\",\"isPartOf\":{\"@id\":\"https:\/\/weiq.tech\/es\/#website\"},\"datePublished\":\"2025-10-28T15:25:09+00:00\",\"dateModified\":\"2026-04-01T11:19:37+00:00\",\"breadcrumb\":{\"@id\":\"https:\/\/weiq.tech\/prislista-tillbehor\/#breadcrumb\"},\"inLanguage\":\"es\",\"potentialAction\":[{\"@type\":\"ReadAction\",\"target\":[\"https:\/\/weiq.tech\/prislista-tillbehor\/\"]}]},{\"@type\":\"BreadcrumbList\",\"@id\":\"https:\/\/weiq.tech\/prislista-tillbehor\/#breadcrumb\",\"itemListElement\":[{\"@type\":\"ListItem\",\"position\":1,\"name\":\"Home\",\"item\":\"https:\/\/weiq.tech\/\"},{\"@type\":\"ListItem\",\"position\":2,\"name\":\"Fees &#8211; Price list for accessories\"}]},{\"@type\":\"WebSite\",\"@id\":\"https:\/\/weiq.tech\/es\/#website\",\"url\":\"https:\/\/weiq.tech\/es\/\",\"name\":\"WEIQ\",\"description\":\"Best\u00e4llningssystem f\u00f6r restauranger med QR &amp; terminal\",\"publisher\":{\"@id\":\"https:\/\/weiq.tech\/es\/#organization\"},\"potentialAction\":[{\"@type\":\"SearchAction\",\"target\":{\"@type\":\"EntryPoint\",\"urlTemplate\":\"https:\/\/weiq.tech\/es\/?s={search_term_string}\"},\"query-input\":{\"@type\":\"PropertyValueSpecification\",\"valueRequired\":true,\"valueName\":\"search_term_string\"}}],\"inLanguage\":\"es\"},{\"@type\":\"Organization\",\"@id\":\"https:\/\/weiq.tech\/es\/#organization\",\"name\":\"WEIQ\",\"url\":\"https:\/\/weiq.tech\/es\/\",\"logo\":{\"@type\":\"ImageObject\",\"inLanguage\":\"es\",\"@id\":\"https:\/\/weiq.tech\/es\/#\/schema\/logo\/image\/\",\"url\":\"https:\/\/weiq.tech\/wp-content\/uploads\/2025\/09\/WEIQ-Logo-Horizontal-Color-2-3.svg\",\"contentUrl\":\"https:\/\/weiq.tech\/wp-content\/uploads\/2025\/09\/WEIQ-Logo-Horizontal-Color-2-3.svg\",\"caption\":\"WEIQ\"},\"image\":{\"@id\":\"https:\/\/weiq.tech\/es\/#\/schema\/logo\/image\/\"},\"sameAs\":[\"https:\/\/www.facebook.com\/weiqorders\/\",\"https:\/\/se.linkedin.com\/company\/weiq\",\"https:\/\/www.instagram.com\/weiq.tech\/\",\"https:\/\/www.youtube.com\/channel\/UCKLYtgK2IZaML0jxEDcg6IA\"]}]}<\/script>\n<!-- \/ Yoast SEO plugin. -->","yoast_head_json":{"title":"Tarifas - Lista de precios de los accesorios - WEIQ","robots":{"index":"noindex","follow":"nofollow"},"og_locale":"es_ES","og_type":"article","og_title":"Fees - Price list for accessories - WEIQ","og_url":"https:\/\/weiq.tech\/es\/lista-de-precios-de-los-accesorios\/","og_site_name":"WEIQ","article_publisher":"https:\/\/www.facebook.com\/weiqorders\/","article_modified_time":"2026-04-01T11:19:37+00:00","twitter_card":"summary_large_image","twitter_misc":{"Est. reading time":"3 minutos"},"schema":{"@context":"https:\/\/schema.org","@graph":[{"@type":"WebPage","@id":"https:\/\/weiq.tech\/prislista-tillbehor\/","url":"https:\/\/weiq.tech\/prislista-tillbehor\/","name":"Tarifas - Lista de precios de los accesorios - WEIQ","isPartOf":{"@id":"https:\/\/weiq.tech\/es\/#website"},"datePublished":"2025-10-28T15:25:09+00:00","dateModified":"2026-04-01T11:19:37+00:00","breadcrumb":{"@id":"https:\/\/weiq.tech\/prislista-tillbehor\/#breadcrumb"},"inLanguage":"es","potentialAction":[{"@type":"ReadAction","target":["https:\/\/weiq.tech\/prislista-tillbehor\/"]}]},{"@type":"BreadcrumbList","@id":"https:\/\/weiq.tech\/prislista-tillbehor\/#breadcrumb","itemListElement":[{"@type":"ListItem","position":1,"name":"Home","item":"https:\/\/weiq.tech\/"},{"@type":"ListItem","position":2,"name":"Fees &#8211; Price list for accessories"}]},{"@type":"WebSite","@id":"https:\/\/weiq.tech\/es\/#website","url":"https:\/\/weiq.tech\/es\/","name":"WEIQ","description":"Sistema de pedidos para restaurantes con QR y terminal","publisher":{"@id":"https:\/\/weiq.tech\/es\/#organization"},"potentialAction":[{"@type":"SearchAction","target":{"@type":"EntryPoint","urlTemplate":"https:\/\/weiq.tech\/es\/?s={search_term_string}"},"query-input":{"@type":"PropertyValueSpecification","valueRequired":true,"valueName":"search_term_string"}}],"inLanguage":"es"},{"@type":"Organization","@id":"https:\/\/weiq.tech\/es\/#organization","name":"WEIQ","url":"https:\/\/weiq.tech\/es\/","logo":{"@type":"ImageObject","inLanguage":"es","@id":"https:\/\/weiq.tech\/es\/#\/schema\/logo\/image\/","url":"https:\/\/weiq.tech\/wp-content\/uploads\/2025\/09\/WEIQ-Logo-Horizontal-Color-2-3.svg","contentUrl":"https:\/\/weiq.tech\/wp-content\/uploads\/2025\/09\/WEIQ-Logo-Horizontal-Color-2-3.svg","caption":"WEIQ"},"image":{"@id":"https:\/\/weiq.tech\/es\/#\/schema\/logo\/image\/"},"sameAs":["https:\/\/www.facebook.com\/weiqorders\/","https:\/\/se.linkedin.com\/company\/weiq","https:\/\/www.instagram.com\/weiq.tech\/","https:\/\/www.youtube.com\/channel\/UCKLYtgK2IZaML0jxEDcg6IA"]}]}},"_links":{"self":[{"href":"https:\/\/weiq.tech\/es\/wp-json\/wp\/v2\/pages\/1012","targetHints":{"allow":["GET"]}}],"collection":[{"href":"https:\/\/weiq.tech\/es\/wp-json\/wp\/v2\/pages"}],"about":[{"href":"https:\/\/weiq.tech\/es\/wp-json\/wp\/v2\/types\/page"}],"author":[{"embeddable":true,"href":"https:\/\/weiq.tech\/es\/wp-json\/wp\/v2\/users\/3"}],"replies":[{"embeddable":true,"href":"https:\/\/weiq.tech\/es\/wp-json\/wp\/v2\/comments?post=1012"}],"version-history":[{"count":0,"href":"https:\/\/weiq.tech\/es\/wp-json\/wp\/v2\/pages\/1012\/revisions"}],"wp:attachment":[{"href":"https:\/\/weiq.tech\/es\/wp-json\/wp\/v2\/media?parent=1012"}],"curies":[{"name":"wp","href":"https:\/\/api.w.org\/{rel}","templated":true}]}}