{"id":19,"date":"2025-09-16T16:07:00","date_gmt":"2025-09-16T16:07:00","guid":{"rendered":"https:\/\/weiqdev.wpenginepowered.com\/?page_id=19"},"modified":"2025-11-11T10:46:04","modified_gmt":"2025-11-11T10:46:04","slug":"condiciones-generales","status":"publish","type":"page","link":"https:\/\/weiq.tech\/es\/condiciones-generales\/","title":{"rendered":"Condiciones de uso"},"content":{"rendered":"<div data-block=\"wysiwyg\" class=\"site-container mx-auto flex flex-col py-10 md:py-20 max-w-[880px] px-6 lg:px-0\">\n            <div class=\"wysiwyg-text wysiwyg-content\">\n            <p>&nbsp;<\/p>\n<h1>Condiciones de uso<\/h1>\n<p><span style=\"font-weight: 400;\">Gracias por utilizar nuestro servicio (\u201dServicio\u201d). El Servicio es proporcionado por MEIQ Systems AB.<\/span><\/p>\n<p><span style=\"font-weight: 400;\">Estas Condiciones de servicio (\u201dCondiciones\u201d) se aplican entre usted como cliente (\u201dcliente\u201d, \u201dusted\u201d, \u201dSu\u201d) y MEIQ Systems AB, registrada en Suecia, n\u00famero de registro mercantil 559148-4380, con domicilio en S\u00f6dra F\u00f6rstadsgatan 1, 211 43 Malm\u00f6, en lo sucesivo (\u201dWEIQ\u201d, \u201dNosotros\u201d), al realizar pedidos de comida, bebidas y entradas (colectivamente \u201dArt\u00edculo\u201d, \u201dArt\u00edculos\u201d) o utilizando la aplicaci\u00f3n \u201dWEIQ\u201d o las aplicaciones \u201dKajen\u201d, \u201dBusfabriken\u201d, \u201dMalm\u00f6 Saluhall\u201d, \u201dEasy Order Destination Gotland\u201d (colectivamente \u201dPlataforma\u201d). WEIQ se reserva el derecho de actualizar los T\u00e9rminos de vez en cuando, y mediante el uso del Servicio, usted acepta la versi\u00f3n m\u00e1s reciente de los T\u00e9rminos.<\/span><\/p>\n<p><span style=\"font-weight: 400;\">La \u00faltima actualizaci\u00f3n de las Condiciones se realiz\u00f3 el 19 de noviembre de 2024.<\/span><\/p>\n<p><span style=\"font-weight: 400;\">Estos T\u00e9rminos de Servicio se aplican a las compras realizadas a todos los vendedores afiliados como restaurantes, bares y establecimientos similares (en adelante: Vendedor, Vendedores) a trav\u00e9s de la aplicaci\u00f3n WEIQ.<\/span><\/p>\n<p><span style=\"font-weight: 400;\">Si tiene alguna pregunta sobre las Condiciones, no dude en ponerse en contacto con nuestro servicio de asistencia en <\/span><b>support@weiq.tech<\/b><span style=\"font-weight: 400;\"> o visite nuestra p\u00e1gina de asistencia<\/span> <span style=\"text-decoration: underline;\"><a href=\"https:\/\/weiq.tech\/es\/soporte\/\"><span style=\"font-weight: 400;\">aqu\u00ed<\/span><\/a><\/span><span style=\"font-weight: 400;\">.<\/span><\/p>\n<p><span style=\"font-weight: 400;\">Este documento, junto con nuestra Pol\u00edtica de Protecci\u00f3n de Datos y Privacidad a la que se hace referencia m\u00e1s adelante, constituye nuestro Acuerdo de Usuario.<\/span><\/p>\n<p><b>Al utilizar el Servicio, usted acepta estas Condiciones, as\u00ed como las condiciones de compra aplicables al Vendedor individual.<\/b><span style=\"font-weight: 400;\"> Estas condiciones de compra se encuentran en la aplicaci\u00f3n, en el apartado \u201dM\u00e1s informaci\u00f3n\u201d del men\u00fa del vendedor. Por favor, l\u00e9alas atentamente.<\/span><\/p>\n<p>&nbsp;<\/p>\n<h3><b>Uso del Servicio<\/b><\/h3>\n<p><span style=\"font-weight: 400;\">WEIQ le concede una licencia personal, revocable, no exclusiva, intransferible y no sublicenciable, para acceder y utilizar el Servicio. Al utilizar el Servicio, usted no adquiere ning\u00fan derecho de propiedad intelectual sobre el mismo. No podr\u00e1 utilizar contenidos del Servicio a menos que cuente con el permiso del propietario de los mismos o tenga derecho legal a utilizarlos. Estas Condiciones no le otorgan el derecho a utilizar ninguna marca comercial o logotipo que aparezca en el Servicio. Usted no puede eliminar, ocultar o alterar cualquier aviso legal que aparezca en o en relaci\u00f3n con el Servicio.<\/span><\/p>\n<p><span style=\"font-weight: 400;\">En relaci\u00f3n con su uso del Servicio, podemos enviarle notificaciones sobre pedidos, mensajes administrativos y otra informaci\u00f3n a trav\u00e9s de notificaciones push y correo electr\u00f3nico. Tambi\u00e9n puede optar por proporcionar su direcci\u00f3n de correo electr\u00f3nico en el Servicio y aceptar recibir recibos, informaci\u00f3n de los Vendedores y otras ofertas por correo electr\u00f3nico. Siempre puede optar por darse de baja de las comunicaciones por correo electr\u00f3nico siguiendo las instrucciones del correo electr\u00f3nico.<\/span><\/p>\n<p><span style=\"font-weight: 400;\">El Servicio se utiliza a trav\u00e9s de dispositivos m\u00f3viles. No utilice el Servicio de forma que le impida respetar las normas de tr\u00e1fico o de seguridad.<\/span><\/p>\n<p><span style=\"font-weight: 400;\">Al aceptar estas Condiciones y realizar pedidos a trav\u00e9s de la Plataforma, confirma que tiene al menos 18 a\u00f1os y que no existe ning\u00fan obst\u00e1culo que le impida aceptar estas Condiciones con efecto vinculante. Usted confirma que es el titular de las tarjetas bancarias\/de cr\u00e9dito u otros m\u00e9todos de pago utilizados para las compras en la Plataforma. Usted es responsable de garantizar que la informaci\u00f3n que facilita a la Plataforma es exacta.<\/span><\/p>\n<p><span style=\"font-weight: 400;\">Usted no tiene derecho a utilizar las marcas comerciales o el nombre comercial de WEIQ m\u00e1s all\u00e1 de lo necesario para utilizar la Plataforma o nuestros servicios.<\/span><\/p>\n<p><span style=\"font-weight: 400;\">Los productos vendidos a trav\u00e9s de la Plataforma est\u00e1n destinados al uso personal y no pueden revenderse ni transferirse.<\/span><\/p>\n<p><span style=\"font-weight: 400;\">En caso de fraude, abuso o uso indebido o no autorizado de la Plataforma, WEIQ se reserva el derecho de suspender a los usuarios de la Plataforma y cobrar a los usuarios los costes y da\u00f1os sufridos por WEIQ o los Vendedores.<\/span><\/p>\n<h3><span style=\"font-weight: 400;\"><br \/>\n<\/span><b>Compras a trav\u00e9s del Servicio<\/b><\/h3>\n<p><span style=\"font-weight: 400;\">Nosotros, MEIQ Systems AB, asumimos la plena responsabilidad de todos los pagos realizados a trav\u00e9s de nuestra plataforma. Esta responsabilidad incluye reembolsos, devoluciones, cancelaciones y resoluci\u00f3n de disputas. MEIQ Systems AB se encarga de la resoluci\u00f3n de disputas.<\/span><\/p>\n<p><span style=\"font-weight: 400;\">El Servicio tiene como objetivo facilitar las transacciones entre los Vendedores conectados y usted para la venta principalmente de alimentos, bebidas y entradas. La compra se produce entre usted, como consumidor, y el Vendedor, donde WEIQ act\u00faa como intermediario para facilitar la compra.<\/span><\/p>\n<p><span style=\"font-weight: 400;\">Cuando realice una compra a trav\u00e9s del Servicio, el pago se procesar\u00e1 mediante una transacci\u00f3n gestionada por WEIQ a trav\u00e9s de uno de nuestros socios: Adyen Nordic AB (\u201dAdyen\u201d), o Getswish AB (\u201dSWISH\u201d).<\/span><\/p>\n<p><span style=\"font-weight: 400;\">El contenido que no pertenece a WEIQ puede aparecer en el Servicio. Revisamos el contenido para determinar si es ilegal o infringe nuestras pol\u00edticas, pero la responsabilidad de este contenido recae en el Vendedor que lo pone a disposici\u00f3n. No garantizamos que estos Vendedores tengan derecho a vender los bienes que ofrecen a trav\u00e9s del Servicio. Tampoco garantizamos que estos bienes tengan una calidad determinada o que su uso sea legal y seguro.<\/span><\/p>\n<p><span style=\"font-weight: 400;\">Para obtener informaci\u00f3n m\u00e1s espec\u00edfica sobre las compras, consulte tambi\u00e9n nuestras condiciones de compra.<\/span><\/p>\n<h3><b>Quejas<\/b><\/h3>\n<p><span style=\"font-weight: 400;\">Si tiene alg\u00fan problema con una comida o cualquier otro art\u00edculo que haya recibido, p\u00f3ngase inmediatamente en contacto con nuestro servicio de atenci\u00f3n al cliente con una foto y una descripci\u00f3n del problema. Tan pronto como recibamos su queja o notificaci\u00f3n de problema, el asunto ser\u00e1 revisado para identificar el problema y encontrar una soluci\u00f3n de acuerdo con la legislaci\u00f3n aplicable de protecci\u00f3n al consumidor. WEIQ se reserva el derecho de determinar cu\u00e1l es la soluci\u00f3n apropiada para las quejas, defectos y asuntos de garant\u00eda, y en los casos aplicables, podemos referirle a contactar directamente con el Vendedor si es posible. Es decisi\u00f3n de WEIQ aprobar o rechazar las devoluciones y\/o quejas.<\/span><\/p>\n<h3><b>Derecho de retractaci\u00f3n<\/b><\/h3>\n<p><span style=\"font-weight: 400;\">Por lo general, usted tiene derecho a desistir del contrato de compra, es decir, a ejercer su derecho de desistimiento, notific\u00e1ndolo al Vendedor en un plazo de 14 d\u00edas a partir del d\u00eda en que reciba el art\u00edculo o una parte sustancial del mismo (\u201dPlazo\u201d). Sin embargo, el derecho de desistimiento no se aplica a la compra de alimentos, bebidas y art\u00edculos de corta duraci\u00f3n o art\u00edculos que, por su naturaleza, no puedan devolverse o puedan deteriorarse o caducar r\u00e1pidamente, ni en situaciones en las que existan excepciones expl\u00edcitas de acuerdo con la legislaci\u00f3n aplicable en materia de protecci\u00f3n de los consumidores. Por lo general, el derecho de desistimiento tampoco se aplica a la compra de entradas a trav\u00e9s del Servicio, aunque usted puede tener derecho a una compensaci\u00f3n si un evento se traslada o se cancela por completo. Puede obtener m\u00e1s informaci\u00f3n sobre el derecho de desistimiento y qu\u00e9 bienes y servicios est\u00e1n exentos del mismo en el sitio web de la Agencia de Consumo de Suecia.<\/span><\/p>\n<p><span style=\"font-weight: 400;\">Tenga en cuenta que al realizar un pedido y aceptar las Condiciones, usted ha aceptado expl\u00edcitamente que el Vendedor realice su pedido y ha aceptado que no existe derecho de desistimiento una vez que se haya realizado el servicio.<\/span><span style=\"font-weight: 400;\">\u200b\u200b<\/span><\/p>\n<h3><b>Soporte<\/b><\/h3>\n<p><span style=\"font-weight: 400;\">Si tiene alguna pregunta sobre la Plataforma, los Productos, los pedidos, el pago o nuestros servicios, p\u00f3ngase en contacto con nuestro servicio de asistencia. Puede ponerse en contacto con nuestro servicio de asistencia por correo electr\u00f3nico en support@weiq.tech. Si tiene preguntas sobre visitas, eventos, men\u00fas, horarios de apertura o quejas relacionadas con una visita, p\u00f3ngase en contacto directamente con el Vendedor. La informaci\u00f3n sobre el Vendedor est\u00e1 disponible en el recibo, pero siempre estamos aqu\u00ed para ayudarle si no recibe respuesta a su consulta. Para m\u00e1s informaci\u00f3n sobre la Plataforma utilizada, visite<\/span>\u00a0<span style=\"text-decoration: underline;\"><a href=\"https:\/\/weiq.tech\/es\/\"><span style=\"font-weight: 400;\">https:\/\/weiq.tech<\/span><\/a><\/span><span style=\"font-weight: 400;\">.<\/span><\/p>\n<h3><b>Su cuenta<\/b><\/h3>\n<p><span style=\"font-weight: 400;\">Para utilizar el Servicio, debe registrar una cuenta. Su cuenta se crear\u00e1 autom\u00e1ticamente en su primer uso y estar\u00e1 vinculada a su dispositivo sin necesidad de registro activo. Las siguientes normas se aplican a su cuenta:<\/span><\/p>\n<ul>\n<li style=\"font-weight: 400;\" aria-level=\"1\"><span style=\"font-weight: 400;\">Debe ser mayor de 18 a\u00f1os para utilizar el Servicio.<\/span><\/li>\n<li style=\"font-weight: 400;\" aria-level=\"1\"><span style=\"font-weight: 400;\">Debe proporcionar informaci\u00f3n exacta. No puede utilizar informaci\u00f3n incorrecta ni hacerse pasar por otra persona o empresa. Las im\u00e1genes que cargue no deben ser ofensivas, incitar al odio ni infringir los derechos de propiedad intelectual de terceros.<\/span><\/li>\n<li style=\"font-weight: 400;\" aria-level=\"1\"><span style=\"font-weight: 400;\">Usted es responsable de su cuenta. La persona cuyos datos de pago est\u00e9n registrados en la cuenta ser\u00e1 responsable en caso de transacci\u00f3n. Es su responsabilidad como usuario informarnos si tiene motivos para creer que se ha hecho un uso indebido de su cuenta o se ha accedido a ella de forma il\u00edcita de alg\u00fan modo.<\/span><\/li>\n<\/ul>\n<p><span style=\"font-weight: 400;\">WEIQ se reserva el derecho de cerrar el Servicio o su cuenta en cualquier momento.<\/span><\/p>\n<h3><b>Tratamiento de datos personales<\/b><\/h3>\n<p><span style=\"font-weight: 400;\">En la Pol\u00edtica de Privacidad de WEIQ, puede leer c\u00f3mo tratamos sus datos personales. Al utilizar el Servicio, usted acepta que WEIQ utilice esta informaci\u00f3n de acuerdo con la Pol\u00edtica de Privacidad. Lea m\u00e1s sobre c\u00f3mo tratamos sus datos personales aqu\u00ed:<\/span>\u00a0<span style=\"text-decoration: underline;\"><span style=\"font-weight: 400;\"><a href=\"https:\/\/weiq.tech\/es\/proteccion-de-datos\/\">https:\/\/weiq.tech\/data-protection\/<\/a>.<\/span><\/span><\/p>\n<p><span style=\"font-weight: 400;\">Los datos personales proporcionados por el titular de la cuenta en relaci\u00f3n con los acuerdos y compras a trav\u00e9s del Servicio, o registrados de otro modo en relaci\u00f3n con los mismos, ser\u00e1n procesados por WEIQ para la preparaci\u00f3n y administraci\u00f3n del Servicio. La ejecuci\u00f3n de un pago a trav\u00e9s del Servicio implica un intercambio de informaci\u00f3n entre el banco remitente y el banco destinatario en relaci\u00f3n con los datos personales del pagador y del destinatario. Los datos personales tambi\u00e9n se utilizar\u00e1n con fines de marketing y an\u00e1lisis de clientes, seguimiento comercial, desarrollo comercial y de m\u00e9todos, y gesti\u00f3n de riesgos.<\/span><\/p>\n<p><span style=\"font-weight: 400;\">Si el titular de la cuenta desea obtener informaci\u00f3n sobre qu\u00e9 datos personales suyos son tratados por WEIQ, podr\u00e1 solicitarla por escrito a MEIQ Systems AB (info@weiq.tech). Cualquier persona que desee solicitar la correcci\u00f3n de informaci\u00f3n incorrecta o enga\u00f1osa puede ponerse en contacto con MEIQ Systems AB en la direcci\u00f3n arriba indicada.<\/span><\/p>\n<h3><b>Software en el Servicio<\/b><\/h3>\n<p><span style=\"font-weight: 400;\">Cuando el Servicio requiera o incluya software descargable, es posible que este software se actualice autom\u00e1ticamente en su dispositivo cuando est\u00e9 disponible una nueva versi\u00f3n o funci\u00f3n.<\/span><\/p>\n<p><span style=\"font-weight: 400;\">WEIQ le concede una licencia personal, revocable y no exclusiva, que no es transferible ni sublicenciable, para utilizar el software que se le proporciona como parte del Servicio. El \u00fanico prop\u00f3sito de esta licencia es que usted utilice el Servicio proporcionado por WEIQ, de acuerdo con estos t\u00e9rminos. Usted no puede copiar, modificar, distribuir, vender o alquilar ninguna parte del Servicio o su software, ni puede realizar ingenier\u00eda inversa o intentar extraer el c\u00f3digo fuente de este software.<\/span><\/p>\n<h3><b>Abuso, despido y responsabilidad<\/b><\/h3>\n<p><span style=\"font-weight: 400;\">WEIQ tiene derecho a tomar las medidas que considere necesarias (como suspender su cuenta, limitar el uso, eliminar anuncios y mensajes) con su cuenta y cualquier informaci\u00f3n y material disponible en ella si se cumplen una o m\u00e1s de las siguientes condiciones:<\/span><\/p>\n<ul>\n<li style=\"font-weight: 400;\" aria-level=\"1\"><span style=\"font-weight: 400;\">Usted ha violado la ley, este Acuerdo, o el prop\u00f3sito de este Acuerdo;<\/span><\/li>\n<li style=\"font-weight: 400;\" aria-level=\"1\"><span style=\"font-weight: 400;\">Ha violado los derechos de nuestros empleados, usuarios o terceros;<\/span><\/li>\n<li style=\"font-weight: 400;\" aria-level=\"1\"><span style=\"font-weight: 400;\">Ha infringido nuestros derechos o los de terceros;<\/span><\/li>\n<li style=\"font-weight: 400;\" aria-level=\"1\"><span style=\"font-weight: 400;\">Nos ha causado problemas a nosotros o a nuestros usuarios, o ha creado un riesgo de responsabilidad;<\/span><\/li>\n<li style=\"font-weight: 400;\" aria-level=\"1\"><span style=\"font-weight: 400;\">No podemos confirmar que la informaci\u00f3n que nos ha facilitado, ya sea directamente o a trav\u00e9s del Servicio, sea exacta; o<\/span><\/li>\n<li style=\"font-weight: 400;\" aria-level=\"1\"><span style=\"font-weight: 400;\">No ha pagado ninguna tasa en el plazo establecido.<\/span><\/li>\n<\/ul>\n<p><span style=\"font-weight: 400;\">No podr\u00e1 utilizar el Servicio ni publicar contenidos en el Servicio de forma que infrinja la ley, incite al odio, sea enga\u00f1oso o, de cualquier otra forma, pueda considerarse ofensivo o contrario a las buenas pr\u00e1cticas comerciales.<\/span><\/p>\n<p><span style=\"font-weight: 400;\">Tiene derecho a cancelar su cuenta con nosotros en cualquier momento.<\/span><\/p>\n<p><span style=\"font-weight: 400;\">Si incurrimos en costes o sufrimos da\u00f1os debido a su incumplimiento del presente Acuerdo, usted acepta reembolsarnos dichos costes, incluidos los honorarios razonables de abogados.<\/span><\/p>\n<h3><b>Duraci\u00f3n y terminaci\u00f3n del Acuerdo<\/b><\/h3>\n<p><span style=\"font-weight: 400;\">El Contrato es v\u00e1lido desde el momento en que usted comienza a utilizar el Servicio y continuar\u00e1 vigente hasta su rescisi\u00f3n. Usted tiene derecho a rescindir el Contrato sin previo aviso.<\/span><\/p>\n<h3><b>Limitaci\u00f3n de responsabilidad<\/b><\/h3>\n<p><span style=\"font-weight: 400;\">Usted es responsable de los gastos en que incurra al utilizar el Servicio.<\/span><\/p>\n<p><span style=\"font-weight: 400;\">Salvo que se disponga lo contrario en el presente Acuerdo y en nuestros otros acuerdos, pol\u00edticas y condiciones, no nos hacemos responsables de los da\u00f1os causados directa o indirectamente por cualquiera de los siguientes motivos:<\/span><\/p>\n<ul>\n<li style=\"font-weight: 400;\" aria-level=\"1\"><span style=\"font-weight: 400;\">Su uso del Servicio.<\/span><\/li>\n<li style=\"font-weight: 400;\" aria-level=\"1\"><span style=\"font-weight: 400;\">Perturbaciones o interrupciones en su tel\u00e9fono m\u00f3vil durante el uso del Servicio.<\/span><\/li>\n<li style=\"font-weight: 400;\" aria-level=\"1\"><span style=\"font-weight: 400;\">No somos responsables de los da\u00f1os causados por bienes vendidos a trav\u00e9s del Servicio. Tampoco somos responsables de los da\u00f1os causados por otros usuarios del Servicio, de los da\u00f1os causados por la infracci\u00f3n de derechos de propiedad intelectual de terceros, ni de otros da\u00f1os o infracciones causados por acciones de terceros.<\/span><\/li>\n<li style=\"font-weight: 400;\" aria-level=\"1\"><span style=\"font-weight: 400;\">Sus acciones o las de terceros durante el uso del Servicio. No nos hacemos responsables de los da\u00f1os resultantes de infracciones de la ley u otros da\u00f1os que se produzcan en relaci\u00f3n con el uso del Servicio.<\/span><\/li>\n<\/ul>\n<p><span style=\"font-weight: 400;\">WEIQ, nuestros representantes, agentes y empleados no son en ning\u00fan caso responsables ante usted como usuario o ante terceros por da\u00f1os indirectos tales como, pero no limitados a, p\u00e9rdida de beneficios, interrupci\u00f3n del negocio, p\u00e9rdida de reputaci\u00f3n, p\u00e9rdida de datos u otros da\u00f1os.<\/span><\/p>\n<h3><b>Legislaci\u00f3n aplicable<\/b><\/h3>\n<p><span style=\"font-weight: 400;\">La legislaci\u00f3n sueca es aplicable al presente Contrato y se aplicar\u00e1 a los litigios derivados del mismo.<\/span><\/p>\n<h3><b>Modificaciones del presente Acuerdo<\/b><\/h3>\n<p>Nos reservamos el derecho a modificar o actualizar peri\u00f3dicamente este Acuerdo en <span style=\"text-decoration: underline;\"><a href=\"https:\/\/weiq.tech\/es\/condiciones-generales\/\">https:\/\/weiq.tech\/terms-and-conditions\/<\/a><\/span>. Al utilizar el Servicio, usted acepta estos cambios.<\/p>\n<p>Al utilizar el Servicio, usted acepta el presente Acuerdo y consiente en renunciar a su derecho a rescindirlo, as\u00ed como a cualquier acuerdo que celebre mediante el uso del Servicio.<\/p>\n<h3><b>P\u00f3ngase en contacto con nosotros<\/b><\/h3>\n<p><span style=\"font-weight: 400;\">Para cualquier pregunta, comentario u otro asunto, p\u00f3ngase en contacto con nuestro servicio de asistencia por correo electr\u00f3nico en support@weiq.tech.<\/span><\/p>\n<p><span style=\"font-weight: 400;\">O visite nuestra p\u00e1gina:<\/span>\u00a0<a href=\"https:\/\/weiq.tech\/es\/soporte\/\"><span style=\"text-decoration: underline;\"><span style=\"font-weight: 400;\">https:\/\/weiq.tech\/support\/<\/span><\/span><\/a><\/p>\n\n        <\/div>\n    <\/div>","protected":false},"excerpt":{"rendered":"","protected":false},"author":3,"featured_media":0,"parent":0,"menu_order":0,"comment_status":"closed","ping_status":"closed","template":"","meta":{"_acf_changed":false,"content-type":"","footnotes":""},"class_list":["post-19","page","type-page","status-publish","hentry"],"acf":[],"yoast_head":"<!-- This site is optimized with the Yoast SEO plugin v27.2 - https:\/\/yoast.com\/product\/yoast-seo-wordpress\/ -->\n<title>Terms of Service - WEIQ<\/title>\n<meta name=\"robots\" content=\"index, follow, max-snippet:-1, max-image-preview:large, max-video-preview:-1\" \/>\n<link rel=\"canonical\" href=\"https:\/\/weiq.tech\/es\/condiciones-generales\/\" \/>\n<meta property=\"og:locale\" content=\"es_ES\" \/>\n<meta property=\"og:type\" content=\"article\" \/>\n<meta property=\"og:title\" content=\"Terms of Service - WEIQ\" \/>\n<meta property=\"og:url\" content=\"https:\/\/weiq.tech\/es\/condiciones-generales\/\" \/>\n<meta property=\"og:site_name\" content=\"WEIQ\" \/>\n<meta property=\"article:publisher\" content=\"https:\/\/www.facebook.com\/weiqorders\/\" \/>\n<meta property=\"article:modified_time\" content=\"2025-11-11T10:46:04+00:00\" \/>\n<meta name=\"twitter:card\" content=\"summary_large_image\" \/>\n<script type=\"application\/ld+json\" class=\"yoast-schema-graph\">{\"@context\":\"https:\/\/schema.org\",\"@graph\":[{\"@type\":\"WebPage\",\"@id\":\"https:\/\/weiq.tech\/terms-and-conditions\/\",\"url\":\"https:\/\/weiq.tech\/terms-and-conditions\/\",\"name\":\"Terms of Service - WEIQ\",\"isPartOf\":{\"@id\":\"https:\/\/weiq.tech\/es\/#website\"},\"datePublished\":\"2025-09-16T16:07:00+00:00\",\"dateModified\":\"2025-11-11T10:46:04+00:00\",\"breadcrumb\":{\"@id\":\"https:\/\/weiq.tech\/terms-and-conditions\/#breadcrumb\"},\"inLanguage\":\"es\",\"potentialAction\":[{\"@type\":\"ReadAction\",\"target\":[\"https:\/\/weiq.tech\/terms-and-conditions\/\"]}]},{\"@type\":\"BreadcrumbList\",\"@id\":\"https:\/\/weiq.tech\/terms-and-conditions\/#breadcrumb\",\"itemListElement\":[{\"@type\":\"ListItem\",\"position\":1,\"name\":\"Home\",\"item\":\"https:\/\/weiq.tech\/\"},{\"@type\":\"ListItem\",\"position\":2,\"name\":\"Terms of Service\"}]},{\"@type\":\"WebSite\",\"@id\":\"https:\/\/weiq.tech\/es\/#website\",\"url\":\"https:\/\/weiq.tech\/es\/\",\"name\":\"WEIQ\",\"description\":\"Best\u00e4llningssystem f\u00f6r restauranger med QR &amp; terminal\",\"publisher\":{\"@id\":\"https:\/\/weiq.tech\/es\/#organization\"},\"potentialAction\":[{\"@type\":\"SearchAction\",\"target\":{\"@type\":\"EntryPoint\",\"urlTemplate\":\"https:\/\/weiq.tech\/es\/?s={search_term_string}\"},\"query-input\":{\"@type\":\"PropertyValueSpecification\",\"valueRequired\":true,\"valueName\":\"search_term_string\"}}],\"inLanguage\":\"es\"},{\"@type\":\"Organization\",\"@id\":\"https:\/\/weiq.tech\/es\/#organization\",\"name\":\"WEIQ\",\"url\":\"https:\/\/weiq.tech\/es\/\",\"logo\":{\"@type\":\"ImageObject\",\"inLanguage\":\"es\",\"@id\":\"https:\/\/weiq.tech\/es\/#\/schema\/logo\/image\/\",\"url\":\"https:\/\/weiq.tech\/wp-content\/uploads\/2025\/09\/WEIQ-Logo-Horizontal-Color-2-3.svg\",\"contentUrl\":\"https:\/\/weiq.tech\/wp-content\/uploads\/2025\/09\/WEIQ-Logo-Horizontal-Color-2-3.svg\",\"caption\":\"WEIQ\"},\"image\":{\"@id\":\"https:\/\/weiq.tech\/es\/#\/schema\/logo\/image\/\"},\"sameAs\":[\"https:\/\/www.facebook.com\/weiqorders\/\",\"https:\/\/se.linkedin.com\/company\/weiq\",\"https:\/\/www.instagram.com\/weiq.tech\/\",\"https:\/\/www.youtube.com\/channel\/UCKLYtgK2IZaML0jxEDcg6IA\"]}]}<\/script>\n<!-- \/ Yoast SEO plugin. -->","yoast_head_json":{"title":"Condiciones del servicio - WEIQ","robots":{"index":"index","follow":"follow","max-snippet":"max-snippet:-1","max-image-preview":"max-image-preview:large","max-video-preview":"max-video-preview:-1"},"canonical":"https:\/\/weiq.tech\/es\/condiciones-generales\/","og_locale":"es_ES","og_type":"article","og_title":"Terms of Service - WEIQ","og_url":"https:\/\/weiq.tech\/es\/condiciones-generales\/","og_site_name":"WEIQ","article_publisher":"https:\/\/www.facebook.com\/weiqorders\/","article_modified_time":"2025-11-11T10:46:04+00:00","twitter_card":"summary_large_image","schema":{"@context":"https:\/\/schema.org","@graph":[{"@type":"WebPage","@id":"https:\/\/weiq.tech\/terms-and-conditions\/","url":"https:\/\/weiq.tech\/terms-and-conditions\/","name":"Condiciones del servicio - WEIQ","isPartOf":{"@id":"https:\/\/weiq.tech\/es\/#website"},"datePublished":"2025-09-16T16:07:00+00:00","dateModified":"2025-11-11T10:46:04+00:00","breadcrumb":{"@id":"https:\/\/weiq.tech\/terms-and-conditions\/#breadcrumb"},"inLanguage":"es","potentialAction":[{"@type":"ReadAction","target":["https:\/\/weiq.tech\/terms-and-conditions\/"]}]},{"@type":"BreadcrumbList","@id":"https:\/\/weiq.tech\/terms-and-conditions\/#breadcrumb","itemListElement":[{"@type":"ListItem","position":1,"name":"Home","item":"https:\/\/weiq.tech\/"},{"@type":"ListItem","position":2,"name":"Terms of Service"}]},{"@type":"WebSite","@id":"https:\/\/weiq.tech\/es\/#website","url":"https:\/\/weiq.tech\/es\/","name":"WEIQ","description":"Sistema de pedidos para restaurantes con QR y terminal","publisher":{"@id":"https:\/\/weiq.tech\/es\/#organization"},"potentialAction":[{"@type":"SearchAction","target":{"@type":"EntryPoint","urlTemplate":"https:\/\/weiq.tech\/es\/?s={search_term_string}"},"query-input":{"@type":"PropertyValueSpecification","valueRequired":true,"valueName":"search_term_string"}}],"inLanguage":"es"},{"@type":"Organization","@id":"https:\/\/weiq.tech\/es\/#organization","name":"WEIQ","url":"https:\/\/weiq.tech\/es\/","logo":{"@type":"ImageObject","inLanguage":"es","@id":"https:\/\/weiq.tech\/es\/#\/schema\/logo\/image\/","url":"https:\/\/weiq.tech\/wp-content\/uploads\/2025\/09\/WEIQ-Logo-Horizontal-Color-2-3.svg","contentUrl":"https:\/\/weiq.tech\/wp-content\/uploads\/2025\/09\/WEIQ-Logo-Horizontal-Color-2-3.svg","caption":"WEIQ"},"image":{"@id":"https:\/\/weiq.tech\/es\/#\/schema\/logo\/image\/"},"sameAs":["https:\/\/www.facebook.com\/weiqorders\/","https:\/\/se.linkedin.com\/company\/weiq","https:\/\/www.instagram.com\/weiq.tech\/","https:\/\/www.youtube.com\/channel\/UCKLYtgK2IZaML0jxEDcg6IA"]}]}},"_links":{"self":[{"href":"https:\/\/weiq.tech\/es\/wp-json\/wp\/v2\/pages\/19","targetHints":{"allow":["GET"]}}],"collection":[{"href":"https:\/\/weiq.tech\/es\/wp-json\/wp\/v2\/pages"}],"about":[{"href":"https:\/\/weiq.tech\/es\/wp-json\/wp\/v2\/types\/page"}],"author":[{"embeddable":true,"href":"https:\/\/weiq.tech\/es\/wp-json\/wp\/v2\/users\/3"}],"replies":[{"embeddable":true,"href":"https:\/\/weiq.tech\/es\/wp-json\/wp\/v2\/comments?post=19"}],"version-history":[{"count":0,"href":"https:\/\/weiq.tech\/es\/wp-json\/wp\/v2\/pages\/19\/revisions"}],"wp:attachment":[{"href":"https:\/\/weiq.tech\/es\/wp-json\/wp\/v2\/media?parent=19"}],"curies":[{"name":"wp","href":"https:\/\/api.w.org\/{rel}","templated":true}]}}