{"id":547,"date":"2025-10-17T08:06:55","date_gmt":"2025-10-17T08:06:55","guid":{"rendered":"https:\/\/weiqdev.wpenginepowered.com\/?page_id=547"},"modified":"2025-11-26T14:21:41","modified_gmt":"2025-11-26T13:21:41","slug":"funciones","status":"publish","type":"page","link":"https:\/\/weiq.tech\/es\/funciones\/","title":{"rendered":"Nuestras soluciones"},"content":{"rendered":"<section data-block=\"hero\" class=\"pb-5 md:pb-10 site-container\">\n    <div\n        class=\"relative w-full min-h-[520px] rounded-b-[48px] overflow-hidden md:min-h-[600px] xl:min-h-[719px] max-sm:aspect-[393\/520]\">\n        <div class=\"absolute z-20 max-lg:w-full left-[50%] translate-x-[-50%] px-4 flex items-center flex-col md:bottom-6 pt-10 md:pt-16 bottom-15\">\n                            <h1 class=\"text-white max-lg:heading-lg lg:heading-xl text-center\">\n                    Una vida cotidiana m\u00e1s sencilla. Un servicio m\u00e1s inteligente. Todo en WEIQ.\n                <\/h1>\n            \n                            <p class=\"max-sm:hidden body-sm text-white max-w-[573px] text-center mx-auto mt-6\">\n                    Con WEIQ obtienes una soluci\u00f3n digital completa para pedidos, pagos y gesti\u00f3n de caja, dise\u00f1ada para ahorrar tiempo, aumentar las ventas y crear una mejor experiencia tanto para los hu\u00e9spedes como para el personal.\n                <\/p>\n            \n                            <div class=\"mt-10 flex flex-col md:flex-row gap-3 md:gap-4\">\n                    <a href=\"https:\/\/weiq.tech\/es\/tomado\/\" class=\"self-center button rounded-[100px] px-10 py-4 flex gap-x-3 justify-self-start text-center\" >\n\n        <span class=\"text-white button-text w-full\">Consulta nuestros precios<\/span>\n<\/a>\n                <\/div>\n            \n            \n                            <div class=\"mt-6 flex flex-wrap justify-center items-center gap-x-3 max-w-[573px] max-sm:hidden\">\n                                                                        <div class=\"flex not-last:border-r border-white not-last:pr-3 items-center\">\n                                                                                                                                <\/div>\n                                                            <\/div>\n                    <\/div>\n\n        <div class=\"hero-overlay absolute inset-0 rounded-b-[48px] z-10\"><\/div>\n\n                    <picture\n                class=\"absolute inset-0 w-full h-full\">\n                                    <source media=\"(max-width: 768px)\" srcset=\"https:\/\/weiq.tech\/wp-content\/uploads\/2025\/11\/header-mobil-17-767x959.webp\">\n                                                    <img decoding=\"async\" src=\"https:\/\/weiq.tech\/wp-content\/uploads\/2025\/11\/header-06-1512x850.webp\" class=\"w-full h-full object-cover rounded-b-[48px]\"\n                                                fetchpriority=\"high\">\n                            <\/picture>\n        \n            <\/div>\n<\/section>\n\n\n<section data-block=\"logo-marquee\" class=\"pt-6 md:pt-15 pb-[40px] md:pb-[131px] overflow-hidden flex items-center\">\n    <div class=\"flex flex-col site-container w-full\">\n        \n        <div class=\"logo-marquee\" aria-hidden=\"true\">\n            <div class=\"logo-track\">\n                <div class=\"logo-group\">\n                                                                <div class=\"logo-item\">\n                            <img src=\"https:\/\/weiq.tech\/wp-content\/uploads\/2025\/10\/mastercard.png\" alt=\"\"\n                                loading=\"lazy\" decoding=\"async\" class=\"marquee-logo block w-auto h-auto\" \/>\n                        <\/div>\n                                            <div class=\"logo-item\">\n                            <img src=\"https:\/\/weiq.tech\/wp-content\/uploads\/2025\/10\/google-pay.png\" alt=\"\"\n                                loading=\"lazy\" decoding=\"async\" class=\"marquee-logo block w-auto h-auto\" \/>\n                        <\/div>\n                                            <div class=\"logo-item\">\n                            <img src=\"https:\/\/weiq.tech\/wp-content\/uploads\/2025\/10\/personalkollen-300x102.png\" alt=\"\"\n                                loading=\"lazy\" decoding=\"async\" class=\"marquee-logo block w-auto h-auto\" \/>\n                        <\/div>\n                                            <div class=\"logo-item\">\n                            <img src=\"https:\/\/weiq.tech\/wp-content\/uploads\/2025\/10\/fortnox-300x114.png\" alt=\"\"\n                                loading=\"lazy\" decoding=\"async\" class=\"marquee-logo block w-auto h-auto\" \/>\n                        <\/div>\n                                            <div class=\"logo-item\">\n                            <img src=\"https:\/\/weiq.tech\/wp-content\/uploads\/2025\/10\/apple-pay.png\" alt=\"\"\n                                loading=\"lazy\" decoding=\"async\" class=\"marquee-logo block w-auto h-auto\" \/>\n                        <\/div>\n                                            <div class=\"logo-item\">\n                            <img src=\"https:\/\/weiq.tech\/wp-content\/uploads\/2025\/10\/Amex.png\" alt=\"\"\n                                loading=\"lazy\" decoding=\"async\" class=\"marquee-logo block w-auto h-auto\" \/>\n                        <\/div>\n                                            <div class=\"logo-item\">\n                            <img src=\"https:\/\/weiq.tech\/wp-content\/uploads\/2025\/10\/adyen-300x125.png\" alt=\"\"\n                                loading=\"lazy\" decoding=\"async\" class=\"marquee-logo block w-auto h-auto\" \/>\n                        <\/div>\n                                            <div class=\"logo-item\">\n                            <img src=\"https:\/\/weiq.tech\/wp-content\/uploads\/2025\/10\/bjorn-lunden-300x102.png\" alt=\"\"\n                                loading=\"lazy\" decoding=\"async\" class=\"marquee-logo block w-auto h-auto\" \/>\n                        <\/div>\n                                            <div class=\"logo-item\">\n                            <img src=\"https:\/\/weiq.tech\/wp-content\/uploads\/2025\/11\/spiris-logotyp-300x81.png\" alt=\"\"\n                                loading=\"lazy\" decoding=\"async\" class=\"marquee-logo block w-auto h-auto\" \/>\n                        <\/div>\n                                            <div class=\"logo-item\">\n                            <img src=\"https:\/\/weiq.tech\/wp-content\/uploads\/2025\/10\/visa.png\" alt=\"\"\n                                loading=\"lazy\" decoding=\"async\" class=\"marquee-logo block w-auto h-auto\" \/>\n                        <\/div>\n                                    <\/div>\n            <\/div>\n        <\/div>\n    <\/div>\n<\/section>\n\n\n<section data-block=\"wysiwyg-image-block\" class=\"pt-8 pb-16 md:py-16 site-container px-4\">\n    <div class=\"flex flex-col gap-8 items-center content-container md:gap-15 lg:gap-[113px] md:flex-row\">\n                    <div class=\"flex-1 lg:max-w-[50%] rounded-[24px] aspect-[620\/540] max-w-[620px] w-full\">\n                <div class=\"relative rounded-2xl overflow-hidden\">\n                    <img decoding=\"async\" src=\"https:\/\/weiq.tech\/wp-content\/uploads\/resized\/9d\/DSCF0053-1-1-scaled_620x540_a1f980f156d7e529a1e4fe6a6d2c51c3.jpg\" alt=\"\"\n                        width=\"620\" height=\"540\" class=\"w-full h-full object-cover\" loading=\"lazy\"\n                        aria-hidden=\"true\" \/>\n                <\/div>\n            <\/div>\n        \n        <div class=\"flex-1 max-w-none lg:max-w-[660px] wysiwyg-content wysiwyg-text\">\n                            <div class=\"md:max-w-[580px]\">\n                    <h2>Terminales todo en uno: el sistema de caja del futuro en tu mano<\/h2>\n<p>Haz que la gesti\u00f3n de caja sea m\u00e1s sencilla que nunca. Con las soluciones todo en uno de WEIQ, obtienes caja, pago, recibo y unidad de control en un solo dispositivo \u00e1gil, sin hardware costoso, sin puestos de caja fijos y sin complicaciones t\u00e9cnicas.<\/p>\n<p>Cobra donde est\u00e9s, trabaja m\u00e1s r\u00e1pido en las mesas y ofrece a los hu\u00e9spedes el servicio que esperan.<br \/>\nLibertad m\u00f3vil. Control total. Un sistema que funciona.<\/p>\n\n                <\/div>\n            \n                            <div class=\"mt-8\">\n                    <a href=\"https:\/\/weiq.tech\/es\/todo-en-un-terminal\/\" class=\"inline-flex button rounded-[100px] px-10 py-4 flex gap-x-3 justify-self-start text-center\" >\n\n        <span class=\"text-white button-text w-full\">Descubre nuestras soluciones todo en uno<\/span>\n<\/a>\n                <\/div>\n                    <\/div>\n    <\/div>\n<\/section>\n\n\n<style>\n    .hero-cloud-bg {\n        background: url('\/assets\/img\/page-hero-bg-mobile.webp') no-repeat center;\n        background-size: auto;\n        background-position: bottom;\n    }\n\n    @media screen and (min-width: 767px) {\n        .hero-cloud-bg {\n            background: url('\/assets\/img\/page-hero-bg.webp') no-repeat center;\n            background-size: auto;\n            background-position: top;\n        }\n    }\n<\/style>\n<section data-block=\"page-hero\" class=\"px-4 pt-[130px] pb-[80px] md:pb-15  md:pt-[190px]\">\n    <div class=\"content-container\">\n        <div class=\"grid gap-8 lg:gap-[105px] items-center grid-cols-1 lg:grid-cols-2\">\n            <div class=\"order-1 lg:order-1 flex flex-col items-center lg:self-end lg:flex-none lg:items-start\">\n                                    <h1 class=\"heading-lg mb-4 max-lg:text-center\">\n                        Pedidos con QR para restaurantes: sencillo, r\u00e1pido y rentable\n                    <\/h1>\n                \n                                    <div class=\"body-lg max-w-[480px] max-lg:text-center\">\n                        Con WEIQ obtienes una soluci\u00f3n completa para pedidos y pagos digitales. Los hu\u00e9spedes realizan sus pedidos a trav\u00e9s de un c\u00f3digo QR directamente en la mesa, sin necesidad de descargar ninguna aplicaci\u00f3n. Perfecto para servicio en mesa, para llevar y eventos.\n                    <\/div>\n                \n                \n                \n                <div class=\"lg:justify-self-start\">\n                                            <div class=\"mt-3\">\n                            <a href=\"https:\/\/weiq.tech\/es\/servicio-de-mesa-con-qr\/\" class=\"max-lg:justify-self-center button rounded-[100px] px-10 py-4 flex gap-x-3 justify-self-start text-center\" >\n\n        <span class=\"text-white button-text w-full\">M\u00e1s informaci\u00f3n sobre QR<\/span>\n<\/a>\n                        <\/div>\n                    \n                                    <\/div>\n            <\/div>\n\n                            <div class=\"order-2 lg:order-2\">\n                                            <img decoding=\"async\" src=\"https:\/\/weiq.tech\/wp-content\/uploads\/2025\/11\/4.png\" alt=\"\"\n                            class=\"w-full h-auto rounded-lg aspect-681\/454\" width=\"681\" height=\"454\"\n                            fetchpriority=\"high\" \/>\n                                    <\/div>\n                    <\/div>\n    <\/div>\n<\/section>\n\n\n<section data-block=\"wysiwyg-image-block\" class=\"pt-8 pb-16 md:py-16 site-container px-4\">\n    <div class=\"flex flex-col gap-8 items-center content-container md:gap-15 lg:gap-[113px] md:flex-row\">\n                    <div class=\"flex-1 lg:max-w-[50%] rounded-[24px] aspect-[620\/540] max-w-[620px] w-full\">\n                <div class=\"relative rounded-2xl overflow-hidden\">\n                    <img decoding=\"async\" src=\"https:\/\/weiq.tech\/wp-content\/uploads\/resized\/62\/Laptop-on-Cube-Mockup_620x540_08ccae7af2feeab1acae0fef9423ca55.png\" alt=\"\"\n                        width=\"620\" height=\"540\" class=\"w-full h-full object-cover\" loading=\"lazy\"\n                        aria-hidden=\"true\" \/>\n                <\/div>\n            <\/div>\n        \n        <div class=\"flex-1 max-w-none lg:max-w-[660px] wysiwyg-content wysiwyg-text\">\n                            <div class=\"md:max-w-[580px]\">\n                    <h2>Gestiona todo WEIQ desde cualquier dispositivo<\/h2>\n<p data-start=\"188\" data-end=\"389\">Inicia sesi\u00f3n en WEIQ Admin desde tu m\u00f3vil, tablet u ordenador y gestiona todo en un solo lugar: men\u00fas, configuraciones, informes y an\u00e1lisis de ventas. Siempre tienes una visi\u00f3n completa, est\u00e9s donde est\u00e9s.<\/p>\n<p data-start=\"391\" data-end=\"552\">\u00bfGestionas varios restaurantes? Con WEIQ pod\u00e9is compartir el cat\u00e1logo de productos entre dispositivos, reutilizar men\u00fas y trabajar de forma \u00e1gil con la misma cuenta para toda la organizaci\u00f3n.<\/p>\n<p data-start=\"554\" data-end=\"575\"><strong data-start=\"554\" data-end=\"573\">Esto es lo que obtienes:<\/strong><\/p>\n<ul>\n<li data-start=\"578\" data-end=\"622\"><strong data-start=\"578\" data-end=\"603\">Crear y personalizar men\u00fas<\/strong> en solo unos minutos<\/li>\n<li data-start=\"625\" data-end=\"671\"><strong data-start=\"625\" data-end=\"669\">Administrar desde cualquier dispositivo<\/strong><\/li>\n<li data-start=\"674\" data-end=\"736\"><strong data-start=\"674\" data-end=\"692\">Herramientas inteligentes<\/strong> que hacen la vida cotidiana m\u00e1s f\u00e1cil y eficiente<\/li>\n<\/ul>\n\n                <\/div>\n            \n                            <div class=\"mt-8\">\n                    <a href=\"https:\/\/weiq.tech\/es\/integraciones\/\" class=\"inline-flex button rounded-[100px] px-10 py-4 flex gap-x-3 justify-self-start text-center\" >\n\n        <span class=\"text-white button-text w-full\">Consulte nuestras integraciones<\/span>\n<\/a>\n                <\/div>\n                    <\/div>\n    <\/div>\n<\/section>\n\n\n<section data-block=\"wysiwyg-image-block\" class=\"pt-8 pb-16 md:py-16 site-container px-4\">\n    <div class=\"flex flex-col gap-8 items-center content-container md:gap-15 lg:gap-[113px] md:flex-row-reverse\">\n                    <div class=\"flex-1 lg:max-w-[50%] rounded-[24px] aspect-[620\/540] max-w-[620px] w-full\">\n                <div class=\"relative rounded-2xl overflow-hidden\">\n                    <img decoding=\"async\" src=\"https:\/\/weiq.tech\/wp-content\/uploads\/resized\/c5\/Phone-on-Chair-Mockup-02_620x540_fe18eec32afa22364eeac9a51c1bdecf.png\" alt=\"\"\n                        width=\"620\" height=\"540\" class=\"w-full h-full object-cover\" loading=\"lazy\"\n                        aria-hidden=\"true\" \/>\n                <\/div>\n            <\/div>\n        \n        <div class=\"flex-1 max-w-none lg:max-w-[660px] wysiwyg-content wysiwyg-text\">\n                            <div class=\"md:max-w-[580px]\">\n                    <h2>Cuadro de mandos e informes: visibilidad total de sus ventas<\/h2>\n<p data-start=\"132\" data-end=\"317\">Obtenga una visi\u00f3n clara de su negocio con los cuadros de mando inteligentes de WEIQ. Analice las ventas en tiempo real y obtenga informes detallados que le ayudar\u00e1n a tomar mejores decisiones con mayor rapidez.<\/p>\n<p data-start=\"319\" data-end=\"347\"><strong data-start=\"319\" data-end=\"345\">Puedes ver, entre otras cosas:<\/strong><\/p>\n<ul>\n<li data-start=\"350\" data-end=\"406\"><strong data-start=\"350\" data-end=\"378\">Lista de productos<\/strong> - qu\u00e9 se vende mejor y cu\u00e1ndo<\/li>\n<li data-start=\"409\" data-end=\"465\"><strong data-start=\"409\" data-end=\"437\">Ventas por categor\u00eda<\/strong> - optimizar el men\u00fa y la oferta<\/li>\n<li data-start=\"468\" data-end=\"530\"><strong data-start=\"468\" data-end=\"496\">Gr\u00e1ficos y tendencias claros<\/strong> - siga la evoluci\u00f3n d\u00eda a d\u00eda<\/li>\n<\/ul>\n\n                <\/div>\n            \n                            <div class=\"mt-8\">\n                    <a href=\"https:\/\/weiq.tech\/es\/contacto\/\" class=\"inline-flex button rounded-[100px] px-10 py-4 flex gap-x-3 justify-self-start text-center\" >\n\n        <span class=\"text-white button-text w-full\">Recibir una llamada<\/span>\n<\/a>\n                <\/div>\n                    <\/div>\n    <\/div>\n<\/section>\n\n\n<section data-block=\"wysiwyg-image-block\" class=\"pt-8 pb-16 md:py-16 site-container px-4\">\n    <div class=\"flex flex-col gap-8 items-center content-container md:gap-15 lg:gap-[113px] md:flex-row\">\n                    <div class=\"flex-1 lg:max-w-[50%] rounded-[24px] aspect-[620\/540] max-w-[620px] w-full\">\n                <div class=\"relative rounded-2xl overflow-hidden\">\n                    <img decoding=\"async\" src=\"https:\/\/weiq.tech\/wp-content\/uploads\/resized\/11\/Floating-Air-Laptop-Mockup-02_620x540_b20f0989ce088f83d986b8f054936586.png\" alt=\"\"\n                        width=\"620\" height=\"540\" class=\"w-full h-full object-cover\" loading=\"lazy\"\n                        aria-hidden=\"true\" \/>\n                <\/div>\n            <\/div>\n        \n        <div class=\"flex-1 max-w-none lg:max-w-[660px] wysiwyg-content wysiwyg-text\">\n                            <div class=\"md:max-w-[580px]\">\n                    <h2 data-start=\"66\" data-end=\"118\"><strong data-start=\"70\" data-end=\"116\">Unidad de control digital - todo ya incorporado<\/strong><\/h2>\n<p data-start=\"119\" data-end=\"246\">WEIQ est\u00e1 totalmente integrado con <strong data-start=\"148\" data-end=\"163\">Caja del tesoro<\/strong>, lo que significa que todos los recibos se firman autom\u00e1ticamente de acuerdo con los requisitos de la Agencia Tributaria sueca.<\/p>\n<p data-start=\"248\" data-end=\"384\">No hay necesidad de comprar o instalar una unidad de control independiente: todo est\u00e1 integrado en el sistema y funciona sin hardware adicional ni complicaciones.<\/p>\n\n                <\/div>\n            \n                            <div class=\"mt-8\">\n                    <a href=\"https:\/\/weiq.tech\/es\/contacto\/\" class=\"inline-flex button rounded-[100px] px-10 py-4 flex gap-x-3 justify-self-start text-center\" >\n\n        <span class=\"text-white button-text w-full\">Le ayudamos a empezar<\/span>\n<\/a>\n                <\/div>\n                    <\/div>\n    <\/div>\n<\/section>\n\n\n<section data-block=\"hubspot-form\" class=\"py-10 md:py-20 site-container px-4\">\n    <div class=\"content-container flex flex-col items-center justify-center\">\n                    <h2 class=\"heading-lg text-center mb-7\">\n                \u00bfEst\u00e1 listo para encontrar la soluci\u00f3n adecuada para su restaurante?\n            <\/h2>\n        \n                    <div class=\"body-md text-center mb-7\">\n                Rellene sus datos y en breve le llamaremos para ayudarle a elegir la mejor soluci\u00f3n. De forma r\u00e1pida, sencilla y sin compromiso.\n            <\/div>\n                <div id=\"hubspot_form_call\" class=\"max-w-[1000px] w-full hubspot-form\"><\/div>\n    <\/div>\n<\/section>\n\n    <script src=\"\/\/js.hsforms.net\/forms\/embed\/v2.js\" type=\"text\/javascript\" charset=\"utf-8\"\n        nonce=\"l5Jc5\/5o\/s\/K5EuBaHNmtYbQEzQ=\"><\/script>\n    <script nonce=\"l5Jc5\/5o\/s\/K5EuBaHNmtYbQEzQ=\">\n        hbspt.forms.create({\n            region: 'na1',\n            portalId: '8436884',\n            formId: '2b560a86-0db6-4a07-953b-bd54ecfc96ec',\n            target: '#hubspot_form_call'\n        });\n    <\/script>","protected":false},"excerpt":{"rendered":"","protected":false},"author":3,"featured_media":0,"parent":0,"menu_order":0,"comment_status":"closed","ping_status":"closed","template":"","meta":{"_acf_changed":true,"content-type":"","footnotes":""},"class_list":["post-547","page","type-page","status-publish","hentry"],"acf":[],"yoast_head":"<!-- This site is optimized with the Yoast SEO plugin v27.2 - https:\/\/yoast.com\/product\/yoast-seo-wordpress\/ -->\n<title>V\u00e5ra l\u00f6sningar - WEIQ<\/title>\n<meta name=\"robots\" content=\"index, follow, max-snippet:-1, max-image-preview:large, max-video-preview:-1\" \/>\n<link rel=\"canonical\" href=\"https:\/\/weiq.tech\/es\/funciones\/\" \/>\n<meta property=\"og:locale\" content=\"es_ES\" \/>\n<meta property=\"og:type\" content=\"article\" \/>\n<meta property=\"og:title\" content=\"V\u00e5ra l\u00f6sningar - WEIQ\" \/>\n<meta property=\"og:url\" content=\"https:\/\/weiq.tech\/es\/funciones\/\" \/>\n<meta property=\"og:site_name\" content=\"WEIQ\" \/>\n<meta property=\"article:publisher\" content=\"https:\/\/www.facebook.com\/weiqorders\/\" \/>\n<meta property=\"article:modified_time\" content=\"2025-11-26T13:21:41+00:00\" \/>\n<meta name=\"twitter:card\" content=\"summary_large_image\" \/>\n<meta name=\"twitter:label1\" content=\"Est. reading time\" \/>\n\t<meta name=\"twitter:data1\" content=\"5 minutos\" \/>\n<script type=\"application\/ld+json\" class=\"yoast-schema-graph\">{\"@context\":\"https:\/\/schema.org\",\"@graph\":[{\"@type\":\"WebPage\",\"@id\":\"https:\/\/weiq.tech\/funktioner\/\",\"url\":\"https:\/\/weiq.tech\/funktioner\/\",\"name\":\"V\u00e5ra l\u00f6sningar - WEIQ\",\"isPartOf\":{\"@id\":\"https:\/\/weiq.tech\/es\/#website\"},\"datePublished\":\"2025-10-17T08:06:55+00:00\",\"dateModified\":\"2025-11-26T13:21:41+00:00\",\"breadcrumb\":{\"@id\":\"https:\/\/weiq.tech\/funktioner\/#breadcrumb\"},\"inLanguage\":\"es\",\"potentialAction\":[{\"@type\":\"ReadAction\",\"target\":[\"https:\/\/weiq.tech\/funktioner\/\"]}]},{\"@type\":\"BreadcrumbList\",\"@id\":\"https:\/\/weiq.tech\/funktioner\/#breadcrumb\",\"itemListElement\":[{\"@type\":\"ListItem\",\"position\":1,\"name\":\"Home\",\"item\":\"https:\/\/weiq.tech\/\"},{\"@type\":\"ListItem\",\"position\":2,\"name\":\"V\u00e5ra l\u00f6sningar\"}]},{\"@type\":\"WebSite\",\"@id\":\"https:\/\/weiq.tech\/es\/#website\",\"url\":\"https:\/\/weiq.tech\/es\/\",\"name\":\"WEIQ\",\"description\":\"Best\u00e4llningssystem f\u00f6r restauranger med QR &amp; terminal\",\"publisher\":{\"@id\":\"https:\/\/weiq.tech\/es\/#organization\"},\"potentialAction\":[{\"@type\":\"SearchAction\",\"target\":{\"@type\":\"EntryPoint\",\"urlTemplate\":\"https:\/\/weiq.tech\/es\/?s={search_term_string}\"},\"query-input\":{\"@type\":\"PropertyValueSpecification\",\"valueRequired\":true,\"valueName\":\"search_term_string\"}}],\"inLanguage\":\"es\"},{\"@type\":\"Organization\",\"@id\":\"https:\/\/weiq.tech\/es\/#organization\",\"name\":\"WEIQ\",\"url\":\"https:\/\/weiq.tech\/es\/\",\"logo\":{\"@type\":\"ImageObject\",\"inLanguage\":\"es\",\"@id\":\"https:\/\/weiq.tech\/es\/#\/schema\/logo\/image\/\",\"url\":\"https:\/\/weiq.tech\/wp-content\/uploads\/2025\/09\/WEIQ-Logo-Horizontal-Color-2-3.svg\",\"contentUrl\":\"https:\/\/weiq.tech\/wp-content\/uploads\/2025\/09\/WEIQ-Logo-Horizontal-Color-2-3.svg\",\"caption\":\"WEIQ\"},\"image\":{\"@id\":\"https:\/\/weiq.tech\/es\/#\/schema\/logo\/image\/\"},\"sameAs\":[\"https:\/\/www.facebook.com\/weiqorders\/\",\"https:\/\/se.linkedin.com\/company\/weiq\",\"https:\/\/www.instagram.com\/weiq.tech\/\",\"https:\/\/www.youtube.com\/channel\/UCKLYtgK2IZaML0jxEDcg6IA\"]}]}<\/script>\n<!-- \/ Yoast SEO plugin. -->","yoast_head_json":{"title":"Nuestras soluciones - WEIQ","robots":{"index":"index","follow":"follow","max-snippet":"max-snippet:-1","max-image-preview":"max-image-preview:large","max-video-preview":"max-video-preview:-1"},"canonical":"https:\/\/weiq.tech\/es\/funciones\/","og_locale":"es_ES","og_type":"article","og_title":"V\u00e5ra l\u00f6sningar - WEIQ","og_url":"https:\/\/weiq.tech\/es\/funciones\/","og_site_name":"WEIQ","article_publisher":"https:\/\/www.facebook.com\/weiqorders\/","article_modified_time":"2025-11-26T13:21:41+00:00","twitter_card":"summary_large_image","twitter_misc":{"Est. reading time":"5 minutos"},"schema":{"@context":"https:\/\/schema.org","@graph":[{"@type":"WebPage","@id":"https:\/\/weiq.tech\/funktioner\/","url":"https:\/\/weiq.tech\/funktioner\/","name":"Nuestras soluciones - WEIQ","isPartOf":{"@id":"https:\/\/weiq.tech\/es\/#website"},"datePublished":"2025-10-17T08:06:55+00:00","dateModified":"2025-11-26T13:21:41+00:00","breadcrumb":{"@id":"https:\/\/weiq.tech\/funktioner\/#breadcrumb"},"inLanguage":"es","potentialAction":[{"@type":"ReadAction","target":["https:\/\/weiq.tech\/funktioner\/"]}]},{"@type":"BreadcrumbList","@id":"https:\/\/weiq.tech\/funktioner\/#breadcrumb","itemListElement":[{"@type":"ListItem","position":1,"name":"Home","item":"https:\/\/weiq.tech\/"},{"@type":"ListItem","position":2,"name":"V\u00e5ra l\u00f6sningar"}]},{"@type":"WebSite","@id":"https:\/\/weiq.tech\/es\/#website","url":"https:\/\/weiq.tech\/es\/","name":"WEIQ","description":"Sistema de pedidos para restaurantes con QR y terminal","publisher":{"@id":"https:\/\/weiq.tech\/es\/#organization"},"potentialAction":[{"@type":"SearchAction","target":{"@type":"EntryPoint","urlTemplate":"https:\/\/weiq.tech\/es\/?s={search_term_string}"},"query-input":{"@type":"PropertyValueSpecification","valueRequired":true,"valueName":"search_term_string"}}],"inLanguage":"es"},{"@type":"Organization","@id":"https:\/\/weiq.tech\/es\/#organization","name":"WEIQ","url":"https:\/\/weiq.tech\/es\/","logo":{"@type":"ImageObject","inLanguage":"es","@id":"https:\/\/weiq.tech\/es\/#\/schema\/logo\/image\/","url":"https:\/\/weiq.tech\/wp-content\/uploads\/2025\/09\/WEIQ-Logo-Horizontal-Color-2-3.svg","contentUrl":"https:\/\/weiq.tech\/wp-content\/uploads\/2025\/09\/WEIQ-Logo-Horizontal-Color-2-3.svg","caption":"WEIQ"},"image":{"@id":"https:\/\/weiq.tech\/es\/#\/schema\/logo\/image\/"},"sameAs":["https:\/\/www.facebook.com\/weiqorders\/","https:\/\/se.linkedin.com\/company\/weiq","https:\/\/www.instagram.com\/weiq.tech\/","https:\/\/www.youtube.com\/channel\/UCKLYtgK2IZaML0jxEDcg6IA"]}]}},"_links":{"self":[{"href":"https:\/\/weiq.tech\/es\/wp-json\/wp\/v2\/pages\/547","targetHints":{"allow":["GET"]}}],"collection":[{"href":"https:\/\/weiq.tech\/es\/wp-json\/wp\/v2\/pages"}],"about":[{"href":"https:\/\/weiq.tech\/es\/wp-json\/wp\/v2\/types\/page"}],"author":[{"embeddable":true,"href":"https:\/\/weiq.tech\/es\/wp-json\/wp\/v2\/users\/3"}],"replies":[{"embeddable":true,"href":"https:\/\/weiq.tech\/es\/wp-json\/wp\/v2\/comments?post=547"}],"version-history":[{"count":0,"href":"https:\/\/weiq.tech\/es\/wp-json\/wp\/v2\/pages\/547\/revisions"}],"wp:attachment":[{"href":"https:\/\/weiq.tech\/es\/wp-json\/wp\/v2\/media?parent=547"}],"curies":[{"name":"wp","href":"https:\/\/api.w.org\/{rel}","templated":true}]}}