{"id":558,"date":"2025-10-17T08:15:21","date_gmt":"2025-10-17T08:15:21","guid":{"rendered":"https:\/\/weiqdev.wpenginepowered.com\/?page_id=558"},"modified":"2025-11-28T14:20:25","modified_gmt":"2025-11-28T13:20:25","slug":"entradas","status":"publish","type":"page","link":"https:\/\/weiq.tech\/es\/entradas\/","title":{"rendered":"Nuestras soluciones - Entradas"},"content":{"rendered":"<section data-block=\"hero\" class=\"pb-5 md:pb-10 site-container\">\n    <div\n        class=\"relative w-full min-h-[520px] rounded-b-[48px] overflow-hidden md:min-h-[600px] xl:min-h-[719px] max-sm:aspect-[393\/520]\">\n        <div class=\"absolute z-20 max-lg:w-full left-[50%] translate-x-[-50%] px-4 flex items-center flex-col md:bottom-6 pt-10 md:pt-16 bottom-15\">\n                            <h1 class=\"text-white max-lg:heading-lg lg:heading-xl text-center\">\n                    Vende entradas y plazas para eventos directamente a trav\u00e9s de WEIQ\n                <\/h1>\n            \n                            <p class=\"max-sm:hidden body-sm text-white max-w-[573px] text-center mx-auto mt-6\">\n                    Permite que los hu\u00e9spedes compren sus entradas con antelaci\u00f3n y evita el estr\u00e9s en la entrada.<br \/>\r\nPerfecto para discotecas, bares, cenas navide\u00f1as y eventos, sin necesidad de equipo adicional ni registro.\n                <\/p>\n            \n                            <div class=\"mt-10 flex flex-col md:flex-row gap-3 md:gap-4\">\n                    <a href=\"https:\/\/weiq.tech\/es\/tomado\/\" class=\"self-center button rounded-[100px] px-10 py-4 flex gap-x-3 justify-self-start text-center\" >\n\n        <span class=\"text-white button-text w-full\">Ver precios<\/span>\n<\/a>\n                <\/div>\n            \n            \n                            <div class=\"mt-6 flex flex-wrap justify-center items-center gap-x-3 max-w-[573px] max-sm:hidden\">\n                                                                        <div class=\"flex not-last:border-r border-white not-last:pr-3 items-center\">\n                                                                                                                                <\/div>\n                                                            <\/div>\n                    <\/div>\n\n        <div class=\"hero-overlay absolute inset-0 rounded-b-[48px] z-10\"><\/div>\n\n                    <picture\n                class=\"absolute inset-0 w-full h-full\">\n                                    <source media=\"(max-width: 768px)\" srcset=\"https:\/\/weiq.tech\/wp-content\/uploads\/2025\/11\/header-mobil-20-767x959.webp\">\n                                                    <img decoding=\"async\" src=\"https:\/\/weiq.tech\/wp-content\/uploads\/2025\/11\/header-09-1512x851.webp\" class=\"w-full h-full object-cover rounded-b-[48px]\"\n                                                fetchpriority=\"high\">\n                            <\/picture>\n        \n            <\/div>\n<\/section>\n\n\n<section data-block=\"usp\" class=\"site-container\">\n    <div class=\"content-container mx-auto py-10 md:py-20 px-4\">\n                    <h2 class=\"text-center text-3xl md:text-4xl font-bold mb-18\">\n                Por qu\u00e9 las discotecas y los restaurantes eligen WEIQ para entradas y eventos\n            <\/h2>\n        \n                    <div class=\"grid grid-cols-1 sm:grid-cols-2 lg:grid-cols-3 gap-8 lg:gap-12\">\n                                    <div class=\"text-start flex flex-col pr-10\">\n                        \n                                                    <h3 class=\"body-md font-black! mb-3\">\n                                Vende entradas digitalmente\n                            <\/h3>\n                        \n                                                    <p class=\"body-sm\">\n                                Los hu\u00e9spedes compran de forma r\u00e1pida y sencilla mediante QR o enlace.\r\n\n                            <\/p>\n                                            <\/div>\n                                    <div class=\"text-start flex flex-col pr-10\">\n                        \n                                                    <h3 class=\"body-md font-black! mb-3\">\n                                Acceso m\u00e1s r\u00e1pido\n                            <\/h3>\n                        \n                                                    <p class=\"body-sm\">\n                                Sin efectivo, sin listas; solo escanear y dejar entrar.\n                            <\/p>\n                                            <\/div>\n                                    <div class=\"text-start flex flex-col pr-10\">\n                        \n                                                    <h3 class=\"body-md font-black! mb-3\">\n                                Flujo m\u00e1s \u00e1gil\n                            <\/h3>\n                        \n                                                    <p class=\"body-sm\">\n                                Marca las entradas como utilizadas y desactiva la funci\u00f3n de pago en la entrada. \n                            <\/p>\n                                            <\/div>\n                            <\/div>\n            <\/div>\n<\/section>\n\n\n<section data-block=\"feature-cards\" class=\"py-10 md:py-16 site-container px-4\">\n    <div class=\"content-container flex flex-col justify-center\">\n                    <h2 class=\"text-center heading-md mb-6 md:mb-12\">\n                C\u00f3mo funciona WEIQ para la entrada y los eventos\n            <\/h2>\n                <div class=\"grid grid-cols-1 md:grid-cols-3 gap-y-9 md:gap-x-7 md:gap-y-12 mx-auto justify-items-center\">\n                            <div class=\"w-full h-full\">\n                                            <div class=\"relative mb-5 rounded-[24px] overflow-hidden w-full z-0\">\n                            <img decoding=\"async\" src=\"https:\/\/weiq.tech\/wp-content\/uploads\/2025\/11\/takeaway-31-2-317x364.webp\" alt=\"\"\n                                class=\"w-full h-full object-cover aspect-[398\/364]\" loading=\"lazy\"\n                                width=\"398\" height=\"364\" \/>\n\n                            <!-- Gradient overlay -->\n                            <div class=\"absolute inset-0 card-bg-fade\"><\/div>\n\n                                                            <h3 class=\"absolute bottom-4 left-4 heading-sm z-10 text-white\">\n                                    Sell tickets in advance\n                                <\/h3>\n                                                    <\/div>\n                                                                <p class=\"body-sm md:max-w-[270px]\">\n                            Publica un n\u00famero limitado de entradas digitales para tu discoteca, fiesta de Navidad o evento. Los invitados compran y pagan directamente a trav\u00e9s de un enlace o QR.\n                        <\/p>\n                                    <\/div>\n                            <div class=\"w-full h-full\">\n                                            <div class=\"relative mb-5 rounded-[24px] overflow-hidden w-full z-0\">\n                            <img decoding=\"async\" src=\"https:\/\/weiq.tech\/wp-content\/uploads\/2025\/11\/pexels-benoit-roy-1445513124-26647497-2-398x364.jpg\" alt=\"copas de vino\"\n                                class=\"w-full h-full object-cover aspect-[398\/364]\" loading=\"lazy\"\n                                width=\"398\" height=\"364\" \/>\n\n                            <!-- Gradient overlay -->\n                            <div class=\"absolute inset-0 card-bg-fade\"><\/div>\n\n                                                            <h3 class=\"absolute bottom-4 left-4 heading-sm z-10 text-white\">\n                                    Check-in r\u00e1pido en la entrada\n                                <\/h3>\n                                                    <\/div>\n                                                                <p class=\"body-sm md:max-w-[270px]\">\n                            El personal verifica el billete directamente en WEIQ, sin necesidad de impresoras, esc\u00e1neres ni equipos adicionales.\n                        <\/p>\n                                    <\/div>\n                            <div class=\"w-full h-full\">\n                                            <div class=\"relative mb-5 rounded-[24px] overflow-hidden w-full z-0\">\n                            <img decoding=\"async\" src=\"https:\/\/weiq.tech\/wp-content\/uploads\/2025\/09\/pro-22-398x364.webp\" alt=\"\"\n                                class=\"w-full h-full object-cover aspect-[398\/364]\" loading=\"lazy\"\n                                width=\"398\" height=\"364\" \/>\n\n                            <!-- Gradient overlay -->\n                            <div class=\"absolute inset-0 card-bg-fade\"><\/div>\n\n                                                            <h3 class=\"absolute bottom-4 left-4 heading-sm z-10 text-white\">\n                                    Simplifica el servicio durante el evento\n                                <\/h3>\n                                                    <\/div>\n                                                                <p class=\"body-sm md:max-w-[270px]\">\n                            Una vez dentro, los clientes pueden pedir bebidas o comida en su mesa a trav\u00e9s de la misma soluci\u00f3n WEIQ, pagada por adelantado y lista para llevar.\n                        <\/p>\n                                    <\/div>\n                    <\/div>\n\n            <\/div>\n<\/section>\n\n\n<section data-block=\"wysiwyg-image-block\" class=\"pt-8 pb-16 md:py-16 site-container px-4\">\n    <div class=\"flex flex-col gap-8 items-center content-container md:gap-15 lg:gap-[113px] md:flex-row-reverse\">\n                    <div class=\"flex-1 lg:max-w-[50%] rounded-[24px] aspect-[620\/540] max-w-[620px] w-full\">\n                <div class=\"relative rounded-2xl overflow-hidden\">\n                    <img decoding=\"async\" src=\"https:\/\/weiq.tech\/wp-content\/uploads\/resized\/f3\/weiq-tickets-1-2_620x540_db4b8a06947427de568c8b14a39304a1.png\" alt=\"\"\n                        width=\"620\" height=\"540\" class=\"w-full h-full object-cover\" loading=\"lazy\"\n                        aria-hidden=\"true\" \/>\n                <\/div>\n            <\/div>\n        \n        <div class=\"flex-1 max-w-none lg:max-w-[660px] wysiwyg-content wysiwyg-text\">\n                            <div class=\"md:max-w-[580px]\">\n                    <h2>Compra anticipada y entradas<\/h2>\n<p>Libera un n\u00famero predeterminado de entradas que tus invitados compren en la aplicaci\u00f3n para tu discoteca o evento.<\/p>\n<p>Agiliza la cola porque no hay que aceptar pagos en la entrada.<\/p>\n<p>Los invitados presentan sus tickets en la app, que t\u00fa verificas y consumes sin ning\u00fan equipo.<\/p>\n<ul>\n<li>Para discotecas, conciertos y eventos<\/li>\n<li>Acelerar la cola<\/li>\n<li>Sin equipamiento a la entrada<\/li>\n<\/ul>\n\n                <\/div>\n            \n                            <div class=\"mt-8\">\n                    <a href=\"https:\/\/weiq.tech\/es\/tomado\/\" class=\"inline-flex button rounded-[100px] px-10 py-4 flex gap-x-3 justify-self-start text-center\" >\n\n        <span class=\"text-white button-text w-full\">M\u00e1s informaci\u00f3n sobre nuestros paquetes de soluciones<\/span>\n<\/a>\n                <\/div>\n                    <\/div>\n    <\/div>\n<\/section>\n\n\n<section data-block=\"wysiwyg-image-block\" class=\"pt-8 pb-16 md:py-16 site-container px-4\">\n    <div class=\"flex flex-col gap-8 items-center content-container md:gap-15 lg:gap-[113px] md:flex-row\">\n                    <div class=\"flex-1 lg:max-w-[50%] rounded-[24px] aspect-[620\/540] max-w-[620px] w-full\">\n                <div class=\"relative rounded-2xl overflow-hidden\">\n                    <img decoding=\"async\" src=\"https:\/\/weiq.tech\/wp-content\/uploads\/resized\/aa\/test_620x540_a3ea067fd292133798a9f586c89e8759.webp\" alt=\"\"\n                        width=\"620\" height=\"540\" class=\"w-full h-full object-cover\" loading=\"lazy\"\n                        aria-hidden=\"true\" \/>\n                <\/div>\n            <\/div>\n        \n        <div class=\"flex-1 max-w-none lg:max-w-[660px] wysiwyg-content wysiwyg-text\">\n                            <div class=\"md:max-w-[580px]\">\n                    <h2>Sus invitados quieren socializar, no hacer cola<\/h2>\n<p>Deje que sus invitados se centren en la experiencia y en su compa\u00f1\u00eda permiti\u00e9ndoles hacer pedidos desde el lugar en el que se encuentren.<\/p>\n<p>Los bares y discotecas suelen estar en su mejor momento cuando funcionan a pleno rendimiento, pero es entonces cuando resulta especialmente agradable no tener que levantarse a pedir en la barra.<\/p>\n<p>\u00bfPor qu\u00e9 no ofrecer pedidos desde las mesas VIP y dar a sus invitados VIP un servicio realmente r\u00e1pido?<\/p>\n\n                <\/div>\n            \n                    <\/div>\n    <\/div>\n<\/section>\n\n\n<section data-block=\"hubspot-form\" class=\"py-10 md:py-20 site-container px-4\">\n    <div class=\"content-container flex flex-col items-center justify-center\">\n                    <h2 class=\"heading-lg text-center mb-7\">\n                \u00bfEst\u00e1 listo para vender entradas para su pr\u00f3ximo evento?\n            <\/h2>\n        \n                    <div class=\"body-md text-center mb-7\">\n                Empiece en cuesti\u00f3n de minutos: cree entradas digitales, cobre por adelantado y ofrezca a sus invitados una experiencia m\u00e1s fluida de principio a fin.\n            <\/div>\n                <div id=\"hubspot_form_call\" class=\"max-w-[1000px] w-full hubspot-form\"><\/div>\n    <\/div>\n<\/section>\n\n    <script src=\"\/\/js.hsforms.net\/forms\/embed\/v2.js\" type=\"text\/javascript\" charset=\"utf-8\"\n        nonce=\"3jsYJheL9DaQLyqFjrCl24BnzSg=\"><\/script>\n    <script nonce=\"3jsYJheL9DaQLyqFjrCl24BnzSg=\">\n        hbspt.forms.create({\n            region: 'na1',\n            portalId: '8436884',\n            formId: '2b560a86-0db6-4a07-953b-bd54ecfc96ec',\n            target: '#hubspot_form_call'\n        });\n    <\/script>","protected":false},"excerpt":{"rendered":"","protected":false},"author":3,"featured_media":0,"parent":0,"menu_order":0,"comment_status":"closed","ping_status":"closed","template":"","meta":{"_acf_changed":true,"content-type":"","footnotes":""},"class_list":["post-558","page","type-page","status-publish","hentry"],"acf":[],"yoast_head":"<!-- This site is optimized with the Yoast SEO plugin v27.2 - https:\/\/yoast.com\/product\/yoast-seo-wordpress\/ -->\n<title>V\u00e5ra l\u00f6sningar - Entr\u00e9biljetter - WEIQ<\/title>\n<meta name=\"description\" content=\"L\u00e5t g\u00e4sterna k\u00f6pa sina biljetter i f\u00f6rv\u00e4g och slipp stressen i d\u00f6rren. Perfekt f\u00f6r nattklubbar, barer, julbord och event \u2013 helt utan extra utrustning eller registrering.\" \/>\n<meta name=\"robots\" content=\"index, follow, max-snippet:-1, max-image-preview:large, max-video-preview:-1\" \/>\n<link rel=\"canonical\" href=\"https:\/\/weiq.tech\/es\/entradas\/\" \/>\n<meta property=\"og:locale\" content=\"es_ES\" \/>\n<meta property=\"og:type\" content=\"article\" \/>\n<meta property=\"og:title\" content=\"V\u00e5ra l\u00f6sningar - Entr\u00e9biljetter - WEIQ\" \/>\n<meta property=\"og:description\" content=\"L\u00e5t g\u00e4sterna k\u00f6pa sina biljetter i f\u00f6rv\u00e4g och slipp stressen i d\u00f6rren. Perfekt f\u00f6r nattklubbar, barer, julbord och event \u2013 helt utan extra utrustning eller registrering.\" \/>\n<meta property=\"og:url\" content=\"https:\/\/weiq.tech\/es\/entradas\/\" \/>\n<meta property=\"og:site_name\" content=\"WEIQ\" \/>\n<meta property=\"article:publisher\" content=\"https:\/\/www.facebook.com\/weiqorders\/\" \/>\n<meta property=\"article:modified_time\" content=\"2025-11-28T13:20:25+00:00\" \/>\n<meta name=\"twitter:card\" content=\"summary_large_image\" \/>\n<meta name=\"twitter:label1\" content=\"Est. reading time\" \/>\n\t<meta name=\"twitter:data1\" content=\"3 minutos\" \/>\n<script type=\"application\/ld+json\" class=\"yoast-schema-graph\">{\"@context\":\"https:\/\/schema.org\",\"@graph\":[{\"@type\":\"WebPage\",\"@id\":\"https:\/\/weiq.tech\/entrebiljetter\/\",\"url\":\"https:\/\/weiq.tech\/entrebiljetter\/\",\"name\":\"V\u00e5ra l\u00f6sningar - Entr\u00e9biljetter - WEIQ\",\"isPartOf\":{\"@id\":\"https:\/\/weiq.tech\/es\/#website\"},\"datePublished\":\"2025-10-17T08:15:21+00:00\",\"dateModified\":\"2025-11-28T13:20:25+00:00\",\"description\":\"L\u00e5t g\u00e4sterna k\u00f6pa sina biljetter i f\u00f6rv\u00e4g och slipp stressen i d\u00f6rren. Perfekt f\u00f6r nattklubbar, barer, julbord och event \u2013 helt utan extra utrustning eller registrering.\",\"breadcrumb\":{\"@id\":\"https:\/\/weiq.tech\/entrebiljetter\/#breadcrumb\"},\"inLanguage\":\"es\",\"potentialAction\":[{\"@type\":\"ReadAction\",\"target\":[\"https:\/\/weiq.tech\/entrebiljetter\/\"]}]},{\"@type\":\"BreadcrumbList\",\"@id\":\"https:\/\/weiq.tech\/entrebiljetter\/#breadcrumb\",\"itemListElement\":[{\"@type\":\"ListItem\",\"position\":1,\"name\":\"Home\",\"item\":\"https:\/\/weiq.tech\/\"},{\"@type\":\"ListItem\",\"position\":2,\"name\":\"V\u00e5ra l\u00f6sningar &#8211; Entr\u00e9biljetter\"}]},{\"@type\":\"WebSite\",\"@id\":\"https:\/\/weiq.tech\/es\/#website\",\"url\":\"https:\/\/weiq.tech\/es\/\",\"name\":\"WEIQ\",\"description\":\"Best\u00e4llningssystem f\u00f6r restauranger med QR &amp; terminal\",\"publisher\":{\"@id\":\"https:\/\/weiq.tech\/es\/#organization\"},\"potentialAction\":[{\"@type\":\"SearchAction\",\"target\":{\"@type\":\"EntryPoint\",\"urlTemplate\":\"https:\/\/weiq.tech\/es\/?s={search_term_string}\"},\"query-input\":{\"@type\":\"PropertyValueSpecification\",\"valueRequired\":true,\"valueName\":\"search_term_string\"}}],\"inLanguage\":\"es\"},{\"@type\":\"Organization\",\"@id\":\"https:\/\/weiq.tech\/es\/#organization\",\"name\":\"WEIQ\",\"url\":\"https:\/\/weiq.tech\/es\/\",\"logo\":{\"@type\":\"ImageObject\",\"inLanguage\":\"es\",\"@id\":\"https:\/\/weiq.tech\/es\/#\/schema\/logo\/image\/\",\"url\":\"https:\/\/weiq.tech\/wp-content\/uploads\/2025\/09\/WEIQ-Logo-Horizontal-Color-2-3.svg\",\"contentUrl\":\"https:\/\/weiq.tech\/wp-content\/uploads\/2025\/09\/WEIQ-Logo-Horizontal-Color-2-3.svg\",\"caption\":\"WEIQ\"},\"image\":{\"@id\":\"https:\/\/weiq.tech\/es\/#\/schema\/logo\/image\/\"},\"sameAs\":[\"https:\/\/www.facebook.com\/weiqorders\/\",\"https:\/\/se.linkedin.com\/company\/weiq\",\"https:\/\/www.instagram.com\/weiq.tech\/\",\"https:\/\/www.youtube.com\/channel\/UCKLYtgK2IZaML0jxEDcg6IA\"]}]}<\/script>\n<!-- \/ Yoast SEO plugin. -->","yoast_head_json":{"title":"Nuestras soluciones - Entradas - WEIQ","description":"Deje que los invitados compren sus entradas por adelantado y evite el estr\u00e9s en la puerta. Perfecto para discotecas, bares, fiestas de Navidad y eventos, sin necesidad de equipos ni registros adicionales.","robots":{"index":"index","follow":"follow","max-snippet":"max-snippet:-1","max-image-preview":"max-image-preview:large","max-video-preview":"max-video-preview:-1"},"canonical":"https:\/\/weiq.tech\/es\/entradas\/","og_locale":"es_ES","og_type":"article","og_title":"V\u00e5ra l\u00f6sningar - Entr\u00e9biljetter - WEIQ","og_description":"L\u00e5t g\u00e4sterna k\u00f6pa sina biljetter i f\u00f6rv\u00e4g och slipp stressen i d\u00f6rren. Perfekt f\u00f6r nattklubbar, barer, julbord och event \u2013 helt utan extra utrustning eller registrering.","og_url":"https:\/\/weiq.tech\/es\/entradas\/","og_site_name":"WEIQ","article_publisher":"https:\/\/www.facebook.com\/weiqorders\/","article_modified_time":"2025-11-28T13:20:25+00:00","twitter_card":"summary_large_image","twitter_misc":{"Est. reading time":"3 minutos"},"schema":{"@context":"https:\/\/schema.org","@graph":[{"@type":"WebPage","@id":"https:\/\/weiq.tech\/entrebiljetter\/","url":"https:\/\/weiq.tech\/entrebiljetter\/","name":"Nuestras soluciones - Entradas - WEIQ","isPartOf":{"@id":"https:\/\/weiq.tech\/es\/#website"},"datePublished":"2025-10-17T08:15:21+00:00","dateModified":"2025-11-28T13:20:25+00:00","description":"Deje que los invitados compren sus entradas por adelantado y evite el estr\u00e9s en la puerta. Perfecto para discotecas, bares, fiestas de Navidad y eventos, sin necesidad de equipos ni registros adicionales.","breadcrumb":{"@id":"https:\/\/weiq.tech\/entrebiljetter\/#breadcrumb"},"inLanguage":"es","potentialAction":[{"@type":"ReadAction","target":["https:\/\/weiq.tech\/entrebiljetter\/"]}]},{"@type":"BreadcrumbList","@id":"https:\/\/weiq.tech\/entrebiljetter\/#breadcrumb","itemListElement":[{"@type":"ListItem","position":1,"name":"Home","item":"https:\/\/weiq.tech\/"},{"@type":"ListItem","position":2,"name":"V\u00e5ra l\u00f6sningar &#8211; Entr\u00e9biljetter"}]},{"@type":"WebSite","@id":"https:\/\/weiq.tech\/es\/#website","url":"https:\/\/weiq.tech\/es\/","name":"WEIQ","description":"Sistema de pedidos para restaurantes con QR y terminal","publisher":{"@id":"https:\/\/weiq.tech\/es\/#organization"},"potentialAction":[{"@type":"SearchAction","target":{"@type":"EntryPoint","urlTemplate":"https:\/\/weiq.tech\/es\/?s={search_term_string}"},"query-input":{"@type":"PropertyValueSpecification","valueRequired":true,"valueName":"search_term_string"}}],"inLanguage":"es"},{"@type":"Organization","@id":"https:\/\/weiq.tech\/es\/#organization","name":"WEIQ","url":"https:\/\/weiq.tech\/es\/","logo":{"@type":"ImageObject","inLanguage":"es","@id":"https:\/\/weiq.tech\/es\/#\/schema\/logo\/image\/","url":"https:\/\/weiq.tech\/wp-content\/uploads\/2025\/09\/WEIQ-Logo-Horizontal-Color-2-3.svg","contentUrl":"https:\/\/weiq.tech\/wp-content\/uploads\/2025\/09\/WEIQ-Logo-Horizontal-Color-2-3.svg","caption":"WEIQ"},"image":{"@id":"https:\/\/weiq.tech\/es\/#\/schema\/logo\/image\/"},"sameAs":["https:\/\/www.facebook.com\/weiqorders\/","https:\/\/se.linkedin.com\/company\/weiq","https:\/\/www.instagram.com\/weiq.tech\/","https:\/\/www.youtube.com\/channel\/UCKLYtgK2IZaML0jxEDcg6IA"]}]}},"_links":{"self":[{"href":"https:\/\/weiq.tech\/es\/wp-json\/wp\/v2\/pages\/558","targetHints":{"allow":["GET"]}}],"collection":[{"href":"https:\/\/weiq.tech\/es\/wp-json\/wp\/v2\/pages"}],"about":[{"href":"https:\/\/weiq.tech\/es\/wp-json\/wp\/v2\/types\/page"}],"author":[{"embeddable":true,"href":"https:\/\/weiq.tech\/es\/wp-json\/wp\/v2\/users\/3"}],"replies":[{"embeddable":true,"href":"https:\/\/weiq.tech\/es\/wp-json\/wp\/v2\/comments?post=558"}],"version-history":[{"count":0,"href":"https:\/\/weiq.tech\/es\/wp-json\/wp\/v2\/pages\/558\/revisions"}],"wp:attachment":[{"href":"https:\/\/weiq.tech\/es\/wp-json\/wp\/v2\/media?parent=558"}],"curies":[{"name":"wp","href":"https:\/\/api.w.org\/{rel}","templated":true}]}}