{"id":683,"date":"2025-10-17T12:17:00","date_gmt":"2025-10-17T12:17:00","guid":{"rendered":"https:\/\/weiqdev.wpenginepowered.com\/?page_id=683"},"modified":"2025-11-06T13:17:16","modified_gmt":"2025-11-06T13:17:16","slug":"weiq-bjornlunden","status":"publish","type":"page","link":"https:\/\/weiq.tech\/es\/integraciones\/weiq-bjornlunden\/","title":{"rendered":"Integraciones - WEIQ x Bjorn Lunden"},"content":{"rendered":"<style>\n    .hero-cloud-bg {\n        background: url('\/assets\/img\/page-hero-bg-mobile.webp') no-repeat center;\n        background-size: auto;\n        background-position: bottom;\n    }\n\n    @media screen and (min-width: 767px) {\n        .hero-cloud-bg {\n            background: url('\/assets\/img\/page-hero-bg.webp') no-repeat center;\n            background-size: auto;\n            background-position: top;\n        }\n    }\n<\/style>\n<section data-block=\"page-hero\" class=\"px-4 pt-[130px] pb-[80px] md:pb-15  md:pt-[190px]\">\n    <div class=\"content-container\">\n        <div class=\"grid gap-8 lg:gap-[105px] items-center text-center max-w-4xl mx-auto\">\n            <div class=\"flex flex-col items-center lg:self-end\">\n                                    <h1 class=\"heading-lg mb-4 max-lg:text-center\">\n                        Integraci\u00f3n de WEIQ + Bjorn Lunden\n                    <\/h1>\n                \n                                    <div class=\"body-lg max-w-[480px] max-lg:text-center text-center max-w-[600px]\">\n                        Reduzca sus tareas administrativas con nuestra integraci\u00f3n con el programa de contabilidad Bjorn Lunden\n                    <\/div>\n                \n                \n                \n                <div class=\"lg:justify-self-start\">\n                    \n                                    <\/div>\n            <\/div>\n\n                    <\/div>\n    <\/div>\n<\/section>\n\n\n<section data-block=\"wysiwyg-image-block\" class=\"pt-8 pb-16 md:py-16 site-container px-4\">\n    <div class=\"flex flex-col gap-8 items-center content-container md:gap-15 lg:gap-[113px] md:flex-row-reverse\">\n                    <div class=\"flex-1 lg:max-w-[50%] rounded-[24px] aspect-[620\/540] max-w-[620px] w-full\">\n                <div class=\"relative rounded-2xl overflow-hidden\">\n                    <img decoding=\"async\" src=\"https:\/\/weiq.tech\/wp-content\/uploads\/resized\/a0\/bjorn_lunden_integration-2_620x540_c2cccd124a46ab74372e92695d2b941b.png\" alt=\"\"\n                        width=\"620\" height=\"540\" class=\"w-full h-full object-cover\" loading=\"lazy\"\n                        aria-hidden=\"true\" \/>\n                <\/div>\n            <\/div>\n        \n        <div class=\"flex-1 max-w-none lg:max-w-[660px] wysiwyg-content wysiwyg-text\">\n                            <div class=\"md:max-w-[580px]\">\n                    <h2>C\u00f3mo funciona la integraci\u00f3n<\/h2>\n<p class=\"h5\">WEIQ env\u00eda sus ventas directamente a Bjorn Lunden, asignadas a las cuentas contables que haya seleccionado.<\/p>\n<p class=\"h5\">Ventajas:<\/p>\n<ul>\n<li class=\"h5\">Las exportaciones diarias al final del d\u00eda se env\u00edan autom\u00e1ticamente a Bjorn Lunden<\/li>\n<li class=\"h5\">Registre tambi\u00e9n devoluciones, propinas y descuentos<\/li>\n<li class=\"h5\">Seleccionar centros de coste y series de verificaci\u00f3n<\/li>\n<\/ul>\n\n                <\/div>\n            \n                    <\/div>\n    <\/div>\n<\/section>\n\n\n<section data-block=\"wysiwyg-image-block\" class=\"pt-8 pb-16 md:py-16 site-container px-4\">\n    <div class=\"flex flex-col gap-8 items-center content-container md:gap-15 lg:gap-[113px] md:flex-row\">\n                    <div class=\"flex-1 lg:max-w-[50%] rounded-[24px] aspect-[620\/540] max-w-[620px] w-full\">\n                <div class=\"relative rounded-2xl overflow-hidden\">\n                    <img decoding=\"async\" src=\"https:\/\/weiq.tech\/wp-content\/uploads\/resized\/ec\/bjorn_lunden_screen_620x540_11b9151c54d967bd21824410f4db5f33.png\" alt=\"\"\n                        width=\"620\" height=\"540\" class=\"w-full h-full object-cover\" loading=\"lazy\"\n                        aria-hidden=\"true\" \/>\n                <\/div>\n            <\/div>\n        \n        <div class=\"flex-1 max-w-none lg:max-w-[660px] wysiwyg-content wysiwyg-text\">\n                            <div class=\"md:max-w-[580px]\">\n                    <h2>Sobre Bjorn Lunden<\/h2>\n<p>Bjorn Lunden existe para simplificar su vida cotidiana con programas financieros inteligentes y f\u00e1ciles de usar que se encargan de gran parte del trabajo por usted. Y si desea colaborar con una empresa de contabilidad, usted puede hacer su parte y la empresa la suya, todo en tiempo real y con total sincronizaci\u00f3n. Le facilitamos el control de sus finanzas y el impulso de su negocio.<\/p>\n\n                <\/div>\n            \n                            <div class=\"mt-8\">\n                    <a href=\"https:\/\/www.bjornlunden.se\/\" class=\"inline-flex button rounded-[100px] px-10 py-4 flex gap-x-3 justify-self-start text-center\" >\n\n        <span class=\"text-white button-text w-full\">Leer m\u00e1s<\/span>\n<\/a>\n                <\/div>\n                    <\/div>\n    <\/div>\n<\/section>","protected":false},"excerpt":{"rendered":"","protected":false},"author":3,"featured_media":0,"parent":592,"menu_order":0,"comment_status":"closed","ping_status":"closed","template":"","meta":{"_acf_changed":false,"content-type":"","footnotes":""},"class_list":["post-683","page","type-page","status-publish","hentry"],"acf":[],"yoast_head":"<!-- This site is optimized with the Yoast SEO plugin v27.2 - https:\/\/yoast.com\/product\/yoast-seo-wordpress\/ -->\n<title>Integrationer - WEIQ x Bjorn Lunden - WEIQ<\/title>\n<meta name=\"robots\" content=\"index, follow, max-snippet:-1, max-image-preview:large, max-video-preview:-1\" \/>\n<link rel=\"canonical\" href=\"https:\/\/weiq.tech\/es\/integraciones\/weiq-bjornlunden\/\" \/>\n<meta property=\"og:locale\" content=\"es_ES\" \/>\n<meta property=\"og:type\" content=\"article\" \/>\n<meta property=\"og:title\" content=\"Integrationer - WEIQ x Bjorn Lunden - WEIQ\" \/>\n<meta property=\"og:url\" content=\"https:\/\/weiq.tech\/es\/integraciones\/weiq-bjornlunden\/\" \/>\n<meta property=\"og:site_name\" content=\"WEIQ\" \/>\n<meta property=\"article:publisher\" content=\"https:\/\/www.facebook.com\/weiqorders\/\" \/>\n<meta property=\"article:modified_time\" content=\"2025-11-06T13:17:16+00:00\" \/>\n<meta name=\"twitter:card\" content=\"summary_large_image\" \/>\n<script type=\"application\/ld+json\" class=\"yoast-schema-graph\">{\"@context\":\"https:\/\/schema.org\",\"@graph\":[{\"@type\":\"WebPage\",\"@id\":\"https:\/\/weiq.tech\/integrationer\/weiq-bjornlunden\/\",\"url\":\"https:\/\/weiq.tech\/integrationer\/weiq-bjornlunden\/\",\"name\":\"Integrationer - WEIQ x Bjorn Lunden - WEIQ\",\"isPartOf\":{\"@id\":\"https:\/\/weiq.tech\/es\/#website\"},\"datePublished\":\"2025-10-17T12:17:00+00:00\",\"dateModified\":\"2025-11-06T13:17:16+00:00\",\"breadcrumb\":{\"@id\":\"https:\/\/weiq.tech\/integrationer\/weiq-bjornlunden\/#breadcrumb\"},\"inLanguage\":\"es\",\"potentialAction\":[{\"@type\":\"ReadAction\",\"target\":[\"https:\/\/weiq.tech\/integrationer\/weiq-bjornlunden\/\"]}]},{\"@type\":\"BreadcrumbList\",\"@id\":\"https:\/\/weiq.tech\/integrationer\/weiq-bjornlunden\/#breadcrumb\",\"itemListElement\":[{\"@type\":\"ListItem\",\"position\":1,\"name\":\"Home\",\"item\":\"https:\/\/weiq.tech\/\"},{\"@type\":\"ListItem\",\"position\":2,\"name\":\"Integrationer\",\"item\":\"https:\/\/weiq.tech\/integrationer\/\"},{\"@type\":\"ListItem\",\"position\":3,\"name\":\"Integrationer &#8211; WEIQ x Bjorn Lunden\"}]},{\"@type\":\"WebSite\",\"@id\":\"https:\/\/weiq.tech\/es\/#website\",\"url\":\"https:\/\/weiq.tech\/es\/\",\"name\":\"WEIQ\",\"description\":\"Best\u00e4llningssystem f\u00f6r restauranger med QR &amp; terminal\",\"publisher\":{\"@id\":\"https:\/\/weiq.tech\/es\/#organization\"},\"potentialAction\":[{\"@type\":\"SearchAction\",\"target\":{\"@type\":\"EntryPoint\",\"urlTemplate\":\"https:\/\/weiq.tech\/es\/?s={search_term_string}\"},\"query-input\":{\"@type\":\"PropertyValueSpecification\",\"valueRequired\":true,\"valueName\":\"search_term_string\"}}],\"inLanguage\":\"es\"},{\"@type\":\"Organization\",\"@id\":\"https:\/\/weiq.tech\/es\/#organization\",\"name\":\"WEIQ\",\"url\":\"https:\/\/weiq.tech\/es\/\",\"logo\":{\"@type\":\"ImageObject\",\"inLanguage\":\"es\",\"@id\":\"https:\/\/weiq.tech\/es\/#\/schema\/logo\/image\/\",\"url\":\"https:\/\/weiq.tech\/wp-content\/uploads\/2025\/09\/WEIQ-Logo-Horizontal-Color-2-3.svg\",\"contentUrl\":\"https:\/\/weiq.tech\/wp-content\/uploads\/2025\/09\/WEIQ-Logo-Horizontal-Color-2-3.svg\",\"caption\":\"WEIQ\"},\"image\":{\"@id\":\"https:\/\/weiq.tech\/es\/#\/schema\/logo\/image\/\"},\"sameAs\":[\"https:\/\/www.facebook.com\/weiqorders\/\",\"https:\/\/se.linkedin.com\/company\/weiq\",\"https:\/\/www.instagram.com\/weiq.tech\/\",\"https:\/\/www.youtube.com\/channel\/UCKLYtgK2IZaML0jxEDcg6IA\"]}]}<\/script>\n<!-- \/ Yoast SEO plugin. -->","yoast_head_json":{"title":"Integraciones - WEIQ x Bjorn Lunden - WEIQ","robots":{"index":"index","follow":"follow","max-snippet":"max-snippet:-1","max-image-preview":"max-image-preview:large","max-video-preview":"max-video-preview:-1"},"canonical":"https:\/\/weiq.tech\/es\/integraciones\/weiq-bjornlunden\/","og_locale":"es_ES","og_type":"article","og_title":"Integrationer - WEIQ x Bjorn Lunden - WEIQ","og_url":"https:\/\/weiq.tech\/es\/integraciones\/weiq-bjornlunden\/","og_site_name":"WEIQ","article_publisher":"https:\/\/www.facebook.com\/weiqorders\/","article_modified_time":"2025-11-06T13:17:16+00:00","twitter_card":"summary_large_image","schema":{"@context":"https:\/\/schema.org","@graph":[{"@type":"WebPage","@id":"https:\/\/weiq.tech\/integrationer\/weiq-bjornlunden\/","url":"https:\/\/weiq.tech\/integrationer\/weiq-bjornlunden\/","name":"Integraciones - WEIQ x Bjorn Lunden - WEIQ","isPartOf":{"@id":"https:\/\/weiq.tech\/es\/#website"},"datePublished":"2025-10-17T12:17:00+00:00","dateModified":"2025-11-06T13:17:16+00:00","breadcrumb":{"@id":"https:\/\/weiq.tech\/integrationer\/weiq-bjornlunden\/#breadcrumb"},"inLanguage":"es","potentialAction":[{"@type":"ReadAction","target":["https:\/\/weiq.tech\/integrationer\/weiq-bjornlunden\/"]}]},{"@type":"BreadcrumbList","@id":"https:\/\/weiq.tech\/integrationer\/weiq-bjornlunden\/#breadcrumb","itemListElement":[{"@type":"ListItem","position":1,"name":"Home","item":"https:\/\/weiq.tech\/"},{"@type":"ListItem","position":2,"name":"Integrationer","item":"https:\/\/weiq.tech\/integrationer\/"},{"@type":"ListItem","position":3,"name":"Integrationer &#8211; WEIQ x Bjorn Lunden"}]},{"@type":"WebSite","@id":"https:\/\/weiq.tech\/es\/#website","url":"https:\/\/weiq.tech\/es\/","name":"WEIQ","description":"Sistema de pedidos para restaurantes con QR y terminal","publisher":{"@id":"https:\/\/weiq.tech\/es\/#organization"},"potentialAction":[{"@type":"SearchAction","target":{"@type":"EntryPoint","urlTemplate":"https:\/\/weiq.tech\/es\/?s={search_term_string}"},"query-input":{"@type":"PropertyValueSpecification","valueRequired":true,"valueName":"search_term_string"}}],"inLanguage":"es"},{"@type":"Organization","@id":"https:\/\/weiq.tech\/es\/#organization","name":"WEIQ","url":"https:\/\/weiq.tech\/es\/","logo":{"@type":"ImageObject","inLanguage":"es","@id":"https:\/\/weiq.tech\/es\/#\/schema\/logo\/image\/","url":"https:\/\/weiq.tech\/wp-content\/uploads\/2025\/09\/WEIQ-Logo-Horizontal-Color-2-3.svg","contentUrl":"https:\/\/weiq.tech\/wp-content\/uploads\/2025\/09\/WEIQ-Logo-Horizontal-Color-2-3.svg","caption":"WEIQ"},"image":{"@id":"https:\/\/weiq.tech\/es\/#\/schema\/logo\/image\/"},"sameAs":["https:\/\/www.facebook.com\/weiqorders\/","https:\/\/se.linkedin.com\/company\/weiq","https:\/\/www.instagram.com\/weiq.tech\/","https:\/\/www.youtube.com\/channel\/UCKLYtgK2IZaML0jxEDcg6IA"]}]}},"_links":{"self":[{"href":"https:\/\/weiq.tech\/es\/wp-json\/wp\/v2\/pages\/683","targetHints":{"allow":["GET"]}}],"collection":[{"href":"https:\/\/weiq.tech\/es\/wp-json\/wp\/v2\/pages"}],"about":[{"href":"https:\/\/weiq.tech\/es\/wp-json\/wp\/v2\/types\/page"}],"author":[{"embeddable":true,"href":"https:\/\/weiq.tech\/es\/wp-json\/wp\/v2\/users\/3"}],"replies":[{"embeddable":true,"href":"https:\/\/weiq.tech\/es\/wp-json\/wp\/v2\/comments?post=683"}],"version-history":[{"count":0,"href":"https:\/\/weiq.tech\/es\/wp-json\/wp\/v2\/pages\/683\/revisions"}],"up":[{"embeddable":true,"href":"https:\/\/weiq.tech\/es\/wp-json\/wp\/v2\/pages\/592"}],"wp:attachment":[{"href":"https:\/\/weiq.tech\/es\/wp-json\/wp\/v2\/media?parent=683"}],"curies":[{"name":"wp","href":"https:\/\/api.w.org\/{rel}","templated":true}]}}