{"id":687,"date":"2025-10-17T12:31:24","date_gmt":"2025-10-17T12:31:24","guid":{"rendered":"https:\/\/weiqdev.wpenginepowered.com\/?page_id=687"},"modified":"2025-11-19T10:38:11","modified_gmt":"2025-11-19T09:38:11","slug":"weiq-onslip","status":"publish","type":"page","link":"https:\/\/weiq.tech\/es\/integraciones\/weiq-onslip\/","title":{"rendered":"Integraciones - WEIQ x Onslip"},"content":{"rendered":"<style>\n    .hero-cloud-bg {\n        background: url('\/assets\/img\/page-hero-bg-mobile.webp') no-repeat center;\n        background-size: auto;\n        background-position: bottom;\n    }\n\n    @media screen and (min-width: 767px) {\n        .hero-cloud-bg {\n            background: url('\/assets\/img\/page-hero-bg.webp') no-repeat center;\n            background-size: auto;\n            background-position: top;\n        }\n    }\n<\/style>\n<section data-block=\"page-hero\" class=\"px-4 pt-[130px] pb-[80px] md:pb-15  md:pt-[190px]\">\n    <div class=\"content-container\">\n        <div class=\"grid gap-8 lg:gap-[105px] items-center text-center max-w-4xl mx-auto\">\n            <div class=\"flex flex-col items-center lg:self-end\">\n                                    <h1 class=\"heading-lg mb-4 max-lg:text-center\">\n                        Integraci\u00f3n de WEIQ + Onslip\n                    <\/h1>\n                \n                                    <div class=\"body-lg max-w-[480px] max-lg:text-center text-center max-w-[600px]\">\n                        Combine la moderna caja en la nube de Onslip con el fluido flujo de pedidos de WEIQ para servicio de mesa y comida para llevar.\n                    <\/div>\n                \n                \n                \n                <div class=\"lg:justify-self-start\">\n                    \n                                    <\/div>\n            <\/div>\n\n                    <\/div>\n    <\/div>\n<\/section>\n\n\n<section data-block=\"wysiwyg-image-block\" class=\"pt-8 pb-16 md:py-16 site-container px-4\">\n    <div class=\"flex flex-col gap-8 items-center content-container md:gap-15 lg:gap-[113px] md:flex-row\">\n                    <div class=\"flex-1 lg:max-w-[50%] rounded-[24px] aspect-[620\/540] max-w-[620px] w-full\">\n                <div class=\"relative rounded-2xl overflow-hidden\">\n                    <img decoding=\"async\" src=\"https:\/\/weiq.tech\/wp-content\/uploads\/resized\/08\/showcase-app-e1762433464781_620x540_d1a5efe17e7dcaba4312ecd036e0a7aa.jpg\" alt=\"\"\n                        width=\"620\" height=\"540\" class=\"w-full h-full object-cover\" loading=\"lazy\"\n                        aria-hidden=\"true\" \/>\n                <\/div>\n            <\/div>\n        \n        <div class=\"flex-1 max-w-none lg:max-w-[660px] wysiwyg-content wysiwyg-text\">\n                            <div class=\"md:max-w-[580px]\">\n                    <h2>Comida para llevar sin gastos adicionales<\/h2>\n<p class=\"h5\">\u00bfPor qu\u00e9 pagar mucho por la comida para llevar a trav\u00e9s de las grandes plataformas? Con WEIQ, puedes reducir las tarifas y dejar que tus clientes hagan sus pedidos sin problemas en la app.<\/p>\n<p class=\"h5\">Con la integraci\u00f3n en Onslip, recibir\u00e1 los pedidos directamente en la caja, con la posibilidad de responder con una nueva hora de recogida.<\/p>\n\n                <\/div>\n            \n                    <\/div>\n    <\/div>\n<\/section>\n\n\n<section data-block=\"wysiwyg-image-block\" class=\"pt-8 pb-16 md:py-16 site-container px-4\">\n    <div class=\"flex flex-col gap-8 items-center content-container md:gap-15 lg:gap-[113px] md:flex-row-reverse\">\n                    <div class=\"flex-1 lg:max-w-[50%] rounded-[24px] aspect-[620\/540] max-w-[620px] w-full\">\n                <div class=\"relative rounded-2xl overflow-hidden\">\n                    <img decoding=\"async\" src=\"https:\/\/weiq.tech\/wp-content\/uploads\/resized\/04\/WEIQ-and-Onslip-1024x545-1_620x540_61e944e822ddf91eedf9b1f53c4f39cd.png\" alt=\"\"\n                        width=\"620\" height=\"540\" class=\"w-full h-full object-cover\" loading=\"lazy\"\n                        aria-hidden=\"true\" \/>\n                <\/div>\n            <\/div>\n        \n        <div class=\"flex-1 max-w-none lg:max-w-[660px] wysiwyg-content wysiwyg-text\">\n                            <div class=\"md:max-w-[580px]\">\n                    <h2>C\u00f3mo funciona la integraci\u00f3n<\/h2>\n<p>Usted administra WEIQ directamente desde el back office de Onslip.<\/p>\n<p>Cree un men\u00fa para WEIQ y active el mapa de mesas, y todos sus productos y n\u00fameros de mesa ser\u00e1n visibles en WEIQ para que pueda recibir pedidos tanto para llevar como de mesa directamente en la caja de Onslip.<\/p>\n<p>No se necesita contabilidad adicional, ya que todas las ventas se incluyen en sus cierres diarios con Onslip.<\/p>\n<p>Lo mejor de ambos mundos con una caja eficiente y la mejor soluci\u00f3n de autopedido del mercado.<\/p>\n\n                <\/div>\n            \n                    <\/div>\n    <\/div>\n<\/section>\n\n\n<section data-block=\"wysiwyg-image-block\" class=\"pt-8 pb-16 md:py-16 site-container px-4\">\n    <div class=\"flex flex-col gap-8 items-center content-container md:gap-15 lg:gap-[113px] md:flex-row\">\n                    <div class=\"flex-1 lg:max-w-[50%] rounded-[24px] aspect-[620\/540] max-w-[620px] w-full\">\n                <div class=\"relative rounded-2xl overflow-hidden\">\n                    <img decoding=\"async\" src=\"https:\/\/weiq.tech\/wp-content\/uploads\/resized\/87\/onslip-kassa_620x540_f9f6a3aeb0295f0e721ff68e03e25f4a.png\" alt=\"\"\n                        width=\"620\" height=\"540\" class=\"w-full h-full object-cover\" loading=\"lazy\"\n                        aria-hidden=\"true\" \/>\n                <\/div>\n            <\/div>\n        \n        <div class=\"flex-1 max-w-none lg:max-w-[660px] wysiwyg-content wysiwyg-text\">\n                            <div class=\"md:max-w-[580px]\">\n                    <h2>Onslip - Un TPV digital con el que crecer<\/h2>\n<p>Con el sistema digital para restaurantes de Onslip, usted conecta y agiliza todas las partes centrales de su restaurante.<\/p>\n<ul>\n<li>Contabilidad autom\u00e1tica<\/li>\n<li>Bongos digitales<\/li>\n<li>Terminal de tarjeta inal\u00e1mbrica<\/li>\n<\/ul>\n\n                <\/div>\n            \n                            <div class=\"mt-8\">\n                    <a href=\"https:\/\/weiq.tech\/es\/contacto\/\" class=\"inline-flex button rounded-[100px] px-10 py-4 flex gap-x-3 justify-self-start text-center\" >\n\n        <span class=\"text-white button-text w-full\">Recibir una llamada<\/span>\n<\/a>\n                <\/div>\n                    <\/div>\n    <\/div>\n<\/section>\n\n\n<div data-block=\"wysiwyg\" class=\"site-container mx-auto flex flex-col py-10 md:py-20 max-w-[880px] px-6 lg:px-0\">\n            <div class=\"wysiwyg-text wysiwyg-content\">\n            <h2 style=\"text-align: center;\">Utilizamos WEIQ y Onslip<\/h2>\n<h4 class=\"h5\" style=\"text-align: center;\">\u201cEste <span style=\"text-decoration: underline;\"><strong>funciona de maravilla<\/strong><\/span>!!\u201d - Pok\u00e9 Maniac<\/h4>\n<p style=\"text-align: center;\"><a class=\"inline-flex button rounded-[100px] px-10 py-4 flex gap-x-3 justify-self-start text-center\" href=\"https:\/\/weiq.tech\/es\/weiq-take-away-poke-maniac\/\"><br \/>\n<span class=\"text-white button-text w-full\">Leer sobre Pok\u00e9 Maniac<\/span><br \/>\n<\/a><\/p>\n\n        <\/div>\n    <\/div>\n\n\n<section data-block=\"logo-marquee\" class=\"pt-6 md:pt-15 pb-[40px] md:pb-[131px] overflow-hidden flex items-center\">\n    <div class=\"flex flex-col site-container w-full\">\n        \n        <div class=\"logo-marquee\" aria-hidden=\"true\">\n            <div class=\"logo-track\">\n                <div class=\"logo-group\">\n                                                                <div class=\"logo-item\">\n                            <img src=\"https:\/\/weiq.tech\/wp-content\/uploads\/2025\/09\/image-9.png\" alt=\"\"\n                                loading=\"lazy\" decoding=\"async\" class=\"marquee-logo block w-auto h-auto\" \/>\n                        <\/div>\n                                            <div class=\"logo-item\">\n                            <img src=\"https:\/\/weiq.tech\/wp-content\/uploads\/2025\/09\/image-9.png\" alt=\"\"\n                                loading=\"lazy\" decoding=\"async\" class=\"marquee-logo block w-auto h-auto\" \/>\n                        <\/div>\n                                            <div class=\"logo-item\">\n                            <img src=\"https:\/\/weiq.tech\/wp-content\/uploads\/2025\/09\/image-9.png\" alt=\"\"\n                                loading=\"lazy\" decoding=\"async\" class=\"marquee-logo block w-auto h-auto\" \/>\n                        <\/div>\n                                            <div class=\"logo-item\">\n                            <img src=\"https:\/\/weiq.tech\/wp-content\/uploads\/2025\/09\/image-9.png\" alt=\"\"\n                                loading=\"lazy\" decoding=\"async\" class=\"marquee-logo block w-auto h-auto\" \/>\n                        <\/div>\n                                    <\/div>\n            <\/div>\n        <\/div>\n    <\/div>\n<\/section>","protected":false},"excerpt":{"rendered":"","protected":false},"author":3,"featured_media":0,"parent":592,"menu_order":0,"comment_status":"closed","ping_status":"closed","template":"","meta":{"_acf_changed":true,"content-type":"","footnotes":""},"class_list":["post-687","page","type-page","status-publish","hentry"],"acf":[],"yoast_head":"<!-- This site is optimized with the Yoast SEO plugin v27.2 - https:\/\/yoast.com\/product\/yoast-seo-wordpress\/ -->\n<title>Integrationer - WEIQ x Onslip - WEIQ<\/title>\n<meta name=\"robots\" content=\"index, follow, max-snippet:-1, max-image-preview:large, max-video-preview:-1\" \/>\n<link rel=\"canonical\" href=\"https:\/\/weiq.tech\/es\/integraciones\/weiq-onslip\/\" \/>\n<meta property=\"og:locale\" content=\"es_ES\" \/>\n<meta property=\"og:type\" content=\"article\" \/>\n<meta property=\"og:title\" content=\"Integrationer - WEIQ x Onslip - WEIQ\" \/>\n<meta property=\"og:url\" content=\"https:\/\/weiq.tech\/es\/integraciones\/weiq-onslip\/\" \/>\n<meta property=\"og:site_name\" content=\"WEIQ\" \/>\n<meta property=\"article:publisher\" content=\"https:\/\/www.facebook.com\/weiqorders\/\" \/>\n<meta property=\"article:modified_time\" content=\"2025-11-19T09:38:11+00:00\" \/>\n<meta name=\"twitter:card\" content=\"summary_large_image\" \/>\n<meta name=\"twitter:label1\" content=\"Est. reading time\" \/>\n\t<meta name=\"twitter:data1\" content=\"2 minutos\" \/>\n<script type=\"application\/ld+json\" class=\"yoast-schema-graph\">{\"@context\":\"https:\/\/schema.org\",\"@graph\":[{\"@type\":\"WebPage\",\"@id\":\"https:\/\/weiq.tech\/integrationer\/weiq-onslip\/\",\"url\":\"https:\/\/weiq.tech\/integrationer\/weiq-onslip\/\",\"name\":\"Integrationer - WEIQ x Onslip - WEIQ\",\"isPartOf\":{\"@id\":\"https:\/\/weiq.tech\/es\/#website\"},\"datePublished\":\"2025-10-17T12:31:24+00:00\",\"dateModified\":\"2025-11-19T09:38:11+00:00\",\"breadcrumb\":{\"@id\":\"https:\/\/weiq.tech\/integrationer\/weiq-onslip\/#breadcrumb\"},\"inLanguage\":\"es\",\"potentialAction\":[{\"@type\":\"ReadAction\",\"target\":[\"https:\/\/weiq.tech\/integrationer\/weiq-onslip\/\"]}]},{\"@type\":\"BreadcrumbList\",\"@id\":\"https:\/\/weiq.tech\/integrationer\/weiq-onslip\/#breadcrumb\",\"itemListElement\":[{\"@type\":\"ListItem\",\"position\":1,\"name\":\"Home\",\"item\":\"https:\/\/weiq.tech\/\"},{\"@type\":\"ListItem\",\"position\":2,\"name\":\"Integrationer\",\"item\":\"https:\/\/weiq.tech\/integrationer\/\"},{\"@type\":\"ListItem\",\"position\":3,\"name\":\"Integrationer &#8211; WEIQ x Onslip\"}]},{\"@type\":\"WebSite\",\"@id\":\"https:\/\/weiq.tech\/es\/#website\",\"url\":\"https:\/\/weiq.tech\/es\/\",\"name\":\"WEIQ\",\"description\":\"Best\u00e4llningssystem f\u00f6r restauranger med QR &amp; terminal\",\"publisher\":{\"@id\":\"https:\/\/weiq.tech\/es\/#organization\"},\"potentialAction\":[{\"@type\":\"SearchAction\",\"target\":{\"@type\":\"EntryPoint\",\"urlTemplate\":\"https:\/\/weiq.tech\/es\/?s={search_term_string}\"},\"query-input\":{\"@type\":\"PropertyValueSpecification\",\"valueRequired\":true,\"valueName\":\"search_term_string\"}}],\"inLanguage\":\"es\"},{\"@type\":\"Organization\",\"@id\":\"https:\/\/weiq.tech\/es\/#organization\",\"name\":\"WEIQ\",\"url\":\"https:\/\/weiq.tech\/es\/\",\"logo\":{\"@type\":\"ImageObject\",\"inLanguage\":\"es\",\"@id\":\"https:\/\/weiq.tech\/es\/#\/schema\/logo\/image\/\",\"url\":\"https:\/\/weiq.tech\/wp-content\/uploads\/2025\/09\/WEIQ-Logo-Horizontal-Color-2-3.svg\",\"contentUrl\":\"https:\/\/weiq.tech\/wp-content\/uploads\/2025\/09\/WEIQ-Logo-Horizontal-Color-2-3.svg\",\"caption\":\"WEIQ\"},\"image\":{\"@id\":\"https:\/\/weiq.tech\/es\/#\/schema\/logo\/image\/\"},\"sameAs\":[\"https:\/\/www.facebook.com\/weiqorders\/\",\"https:\/\/se.linkedin.com\/company\/weiq\",\"https:\/\/www.instagram.com\/weiq.tech\/\",\"https:\/\/www.youtube.com\/channel\/UCKLYtgK2IZaML0jxEDcg6IA\"]}]}<\/script>\n<!-- \/ Yoast SEO plugin. -->","yoast_head_json":{"title":"Integraciones - WEIQ x Onslip - WEIQ","robots":{"index":"index","follow":"follow","max-snippet":"max-snippet:-1","max-image-preview":"max-image-preview:large","max-video-preview":"max-video-preview:-1"},"canonical":"https:\/\/weiq.tech\/es\/integraciones\/weiq-onslip\/","og_locale":"es_ES","og_type":"article","og_title":"Integrationer - WEIQ x Onslip - WEIQ","og_url":"https:\/\/weiq.tech\/es\/integraciones\/weiq-onslip\/","og_site_name":"WEIQ","article_publisher":"https:\/\/www.facebook.com\/weiqorders\/","article_modified_time":"2025-11-19T09:38:11+00:00","twitter_card":"summary_large_image","twitter_misc":{"Est. reading time":"2 minutos"},"schema":{"@context":"https:\/\/schema.org","@graph":[{"@type":"WebPage","@id":"https:\/\/weiq.tech\/integrationer\/weiq-onslip\/","url":"https:\/\/weiq.tech\/integrationer\/weiq-onslip\/","name":"Integraciones - WEIQ x Onslip - WEIQ","isPartOf":{"@id":"https:\/\/weiq.tech\/es\/#website"},"datePublished":"2025-10-17T12:31:24+00:00","dateModified":"2025-11-19T09:38:11+00:00","breadcrumb":{"@id":"https:\/\/weiq.tech\/integrationer\/weiq-onslip\/#breadcrumb"},"inLanguage":"es","potentialAction":[{"@type":"ReadAction","target":["https:\/\/weiq.tech\/integrationer\/weiq-onslip\/"]}]},{"@type":"BreadcrumbList","@id":"https:\/\/weiq.tech\/integrationer\/weiq-onslip\/#breadcrumb","itemListElement":[{"@type":"ListItem","position":1,"name":"Home","item":"https:\/\/weiq.tech\/"},{"@type":"ListItem","position":2,"name":"Integrationer","item":"https:\/\/weiq.tech\/integrationer\/"},{"@type":"ListItem","position":3,"name":"Integrationer &#8211; WEIQ x Onslip"}]},{"@type":"WebSite","@id":"https:\/\/weiq.tech\/es\/#website","url":"https:\/\/weiq.tech\/es\/","name":"WEIQ","description":"Sistema de pedidos para restaurantes con QR y terminal","publisher":{"@id":"https:\/\/weiq.tech\/es\/#organization"},"potentialAction":[{"@type":"SearchAction","target":{"@type":"EntryPoint","urlTemplate":"https:\/\/weiq.tech\/es\/?s={search_term_string}"},"query-input":{"@type":"PropertyValueSpecification","valueRequired":true,"valueName":"search_term_string"}}],"inLanguage":"es"},{"@type":"Organization","@id":"https:\/\/weiq.tech\/es\/#organization","name":"WEIQ","url":"https:\/\/weiq.tech\/es\/","logo":{"@type":"ImageObject","inLanguage":"es","@id":"https:\/\/weiq.tech\/es\/#\/schema\/logo\/image\/","url":"https:\/\/weiq.tech\/wp-content\/uploads\/2025\/09\/WEIQ-Logo-Horizontal-Color-2-3.svg","contentUrl":"https:\/\/weiq.tech\/wp-content\/uploads\/2025\/09\/WEIQ-Logo-Horizontal-Color-2-3.svg","caption":"WEIQ"},"image":{"@id":"https:\/\/weiq.tech\/es\/#\/schema\/logo\/image\/"},"sameAs":["https:\/\/www.facebook.com\/weiqorders\/","https:\/\/se.linkedin.com\/company\/weiq","https:\/\/www.instagram.com\/weiq.tech\/","https:\/\/www.youtube.com\/channel\/UCKLYtgK2IZaML0jxEDcg6IA"]}]}},"_links":{"self":[{"href":"https:\/\/weiq.tech\/es\/wp-json\/wp\/v2\/pages\/687","targetHints":{"allow":["GET"]}}],"collection":[{"href":"https:\/\/weiq.tech\/es\/wp-json\/wp\/v2\/pages"}],"about":[{"href":"https:\/\/weiq.tech\/es\/wp-json\/wp\/v2\/types\/page"}],"author":[{"embeddable":true,"href":"https:\/\/weiq.tech\/es\/wp-json\/wp\/v2\/users\/3"}],"replies":[{"embeddable":true,"href":"https:\/\/weiq.tech\/es\/wp-json\/wp\/v2\/comments?post=687"}],"version-history":[{"count":0,"href":"https:\/\/weiq.tech\/es\/wp-json\/wp\/v2\/pages\/687\/revisions"}],"up":[{"embeddable":true,"href":"https:\/\/weiq.tech\/es\/wp-json\/wp\/v2\/pages\/592"}],"wp:attachment":[{"href":"https:\/\/weiq.tech\/es\/wp-json\/wp\/v2\/media?parent=687"}],"curies":[{"name":"wp","href":"https:\/\/api.w.org\/{rel}","templated":true}]}}